{"id":947,"date":"2025-06-20T15:05:23","date_gmt":"2025-06-20T15:05:23","guid":{"rendered":"https:\/\/artforbricks.com\/?page_id=947"},"modified":"2025-07-07T11:13:11","modified_gmt":"2025-07-07T11:13:11","slug":"free-plans","status":"publish","type":"page","link":"https:\/\/artforbricks.com\/de\/free-plans\/","title":{"rendered":"Kostenlose Baupl\u00e4ne"},"content":{"rendered":"<div id=\"wp-block-themeisle-blocks-advanced-columns-751c3b35\" class=\"wp-block-themeisle-blocks-advanced-columns has-1-columns has-desktop-equal-layout has-tablet-equal-layout has-mobile-equal-layout has-vertical-unset\"><div class=\"wp-block-themeisle-blocks-advanced-columns-overlay\"><\/div><div class=\"innerblocks-wrap\">\n<div id=\"wp-block-themeisle-blocks-advanced-column-86975a04\" class=\"wp-block-themeisle-blocks-advanced-column\">\n<div id=\"wp-block-themeisle-blocks-advanced-columns-046a0901\" class=\"wp-block-themeisle-blocks-advanced-columns has-1-columns has-desktop-equal-layout has-tablet-equal-layout has-mobile-equal-layout has-vertical-unset\"><div class=\"wp-block-themeisle-blocks-advanced-columns-overlay\"><\/div><div class=\"innerblocks-wrap\">\n<div id=\"wp-block-themeisle-blocks-advanced-column-4882775d\" class=\"wp-block-themeisle-blocks-advanced-column\">\n<div class=\"wp-block-stackable-heading stk-block-heading stk-block-heading--v2 stk-block stk-b9fa718 ticss-b9fa7186\" id=\"free-mosaic-build-plans-amp-brick-art-designs\" data-block-id=\"b9fa718\"><style>.stk-b9fa718 .stk-block-heading__text{color:var(--nv-site-bg) !important;}<\/style><h1 class=\"stk-block-heading__text has-text-color has-text-align-center\">Kostenlose Mosaik-Baupl\u00e4ne und Ziegelkunst-Designs <\/h1><\/div>\n\n\n\n<div class=\"wp-block-stackable-heading stk-block-heading stk-block-heading--v2 stk-block stk-ee58fd0\" id=\"download-build-enjoy\" data-block-id=\"ee58fd0\"><style>.stk-ee58fd0 {margin-bottom:51px !important;}.stk-ee58fd0 .stk-block-heading__text{color:var(--nv-primary-accent) !important;}<\/style><h2 class=\"stk-block-heading__text has-text-color has-text-align-center\">Herunterladen. Erstellen. Genie\u00dfen.<\/h2><\/div>\n\n\n\n<p>Entdecken Sie die Welt der kreativen Steine \u2013 v\u00f6llig kostenlos. Auf dieser Seite finden Sie ausgew\u00e4hlte Mosaik- und 3D-Modellbaupl\u00e4ne f\u00fcr LEGO\u00ae und LEGO-kompatible Steine. Egal, ob Sie Anf\u00e4nger, erfahrener Baumeister oder einfach nur auf der Suche nach einem neuen DIY-Kunstprojekt sind \u2013 unsere regelm\u00e4\u00dfig aktualisierten kostenlosen Baupl\u00e4ne bieten alles, was Sie brauchen.<\/p>\n<\/div>\n<\/div><\/div>\n\n\n\n<div id=\"wp-block-themeisle-blocks-advanced-columns-8fb8aec7\" class=\"wp-block-themeisle-blocks-advanced-columns has-1-columns has-desktop-equal-layout has-tablet-equal-layout has-mobile-equal-layout has-vertical-unset\"><div class=\"wp-block-themeisle-blocks-advanced-columns-overlay\"><\/div><div class=\"innerblocks-wrap\">\n<div id=\"wp-block-themeisle-blocks-advanced-column-f34b534e\" class=\"wp-block-themeisle-blocks-advanced-column\">\n<p><strong>Beginnen Sie mit dem Bau \u2013 Stein f\u00fcr Stein, Plan f\u00fcr Plan<\/strong>.<\/p>\n\n\n\n<p>Wir haben unseren Abschnitt \u201eKostenloser Bauplan\u201c in zwei Bereiche unterteilt, damit Sie herausfinden k\u00f6nnen, was am besten zu Ihrem Stil passt:<\/p>\n\n\n\n<div class=\"wp-block-stackable-spacer stk-block-spacer stk--no-padding stk-block stk-63dda88\" data-block-id=\"63dda88\"><\/div>\n<\/div>\n<\/div><\/div>\n\n\n\n<div id=\"wp-block-themeisle-blocks-advanced-columns-be2e73e5\" class=\"wp-block-themeisle-blocks-advanced-columns has-2-columns has-desktop-equal-layout has-tablet-equal-layout has-mobile-collapsedRows-layout has-vertical-unset\"><div class=\"wp-block-themeisle-blocks-advanced-columns-overlay\"><\/div><div class=\"innerblocks-wrap\">\n<div id=\"wp-block-themeisle-blocks-advanced-column-2de06d7b\" class=\"wp-block-themeisle-blocks-advanced-column\">\n<figure class=\"wp-block-image size-full is-resized\"><img loading=\"lazy\" decoding=\"async\" width=\"1080\" height=\"1080\" src=\"https:\/\/artforbricks.com\/wp-content\/uploads\/2025\/06\/Design-ohne-Titel-49.jpg\" alt=\"\" class=\"wp-image-975\" style=\"width:381px;height:auto\" srcset=\"https:\/\/artforbricks.com\/wp-content\/uploads\/2025\/06\/Design-ohne-Titel-49.jpg 1080w, https:\/\/artforbricks.com\/wp-content\/uploads\/2025\/06\/Design-ohne-Titel-49-300x300.jpg 300w, https:\/\/artforbricks.com\/wp-content\/uploads\/2025\/06\/Design-ohne-Titel-49-1024x1024.jpg 1024w, https:\/\/artforbricks.com\/wp-content\/uploads\/2025\/06\/Design-ohne-Titel-49-150x150.jpg 150w, https:\/\/artforbricks.com\/wp-content\/uploads\/2025\/06\/Design-ohne-Titel-49-768x768.jpg 768w, https:\/\/artforbricks.com\/wp-content\/uploads\/2025\/06\/Design-ohne-Titel-49-12x12.jpg 12w\" sizes=\"auto, (max-width: 1080px) 100vw, 1080px\" \/><\/figure>\n<\/div>\n\n\n\n<div id=\"wp-block-themeisle-blocks-advanced-column-c24dca50\" class=\"wp-block-themeisle-blocks-advanced-column\">\n<div class=\"wp-block-stackable-spacer stk-block-spacer stk--no-padding stk-block stk-cca2357\" data-block-id=\"cca2357\"><style>.stk-cca2357 {height:10px !important;}<\/style><\/div>\n\n\n\n<h2 id=\"wp-block-themeisle-blocks-advanced-heading-ed7cf1e3\" class=\"wp-block-themeisle-blocks-advanced-heading wp-block-themeisle-blocks-advanced-heading-ed7cf1e3\">Mosaik-Baupl\u00e4ne<\/h2>\n\n\n\n<p class=\"has-text-align-right\">Herunterladen <strong>kostenlose Bauanleitung<\/strong> f\u00fcr LEGO\u00ae und LEGO-kompatible Mosaike: Portr\u00e4ts, Popkultur, Tiere und mehr.<\/p>\n\n\n\n<p class=\"has-text-align-right\">Enth\u00e4lt: Teilelisten, Farbreferenzen, leicht verst\u00e4ndliche Anleitungen f\u00fcr jeden einzelnen Stein.<\/p>\n\n\n\n<details class=\"wp-block-stackable-accordion stk-block-accordion stk-inner-blocks has-text-align-left stk-block-content stk-block stk-ea03aba is-style-default\" data-block-id=\"ea03aba\"><style>.stk-ea03aba {border-style:solid !important;border-color:var(--nv-secondary-accent) !important;}<\/style>\n<summary class=\"wp-block-stackable-column stk-block-column stk-column stk-block stk-0d7b5cf stk--container-small stk-block-accordion__heading\" data-v=\"4\" data-block-id=\"0d7b5cf\"><div class=\"stk-column-wrapper stk-block-column__content stk-container stk-0d7b5cf-container stk-hover-parent\"><div class=\"has-text-align-right stk-block-content stk-inner-blocks stk-0d7b5cf-inner-blocks\">\n<div class=\"wp-block-stackable-icon-label stk-block-icon-label stk-block stk-b75eada\" data-block-id=\"b75eada\"><div class=\"stk-row stk-inner-blocks stk-block-content\">\n<div class=\"wp-block-stackable-heading stk-block-heading stk-block-heading--v2 stk-block stk-0cd6d3b\" id=\"\ud83e\uddf1-why-build-with-our-free-plans\" data-block-id=\"0cd6d3b\"><style>.stk-0cd6d3b .stk-block-heading__text{font-size:14px !important;color:var(--nv-secondary-accent) !important;}@media screen and (max-width: 1023px){.stk-0cd6d3b .stk-block-heading__text{font-size:14px !important;}}<\/style><h4 class=\"stk-block-heading__text has-text-color\">\ud83e\uddf1 Warum mit unseren kostenlosen Pl\u00e4nen bauen?<\/h4><\/div>\n\n\n\n<div class=\"wp-block-stackable-icon stk-block-icon has-text-align-left stk-block stk-82fb427\" data-block-id=\"82fb427\"><style>.stk-82fb427 .stk--svg-wrapper .stk--inner-svg svg:last-child, .stk-82fb427 .stk--svg-wrapper .stk--inner-svg svg:last-child :is(g, path, rect, polygon, ellipse){fill:var(--nv-secondary-accent) !important;}<\/style><span class=\"stk--svg-wrapper\"><div class=\"stk--inner-svg\"><svg style=\"height:0;width:0\"><defs><lineargradient id=\"linear-gradient-82fb427\" x1=\"0\" x2=\"100%\" y1=\"0\" y2=\"0\"><stop offset=\"0%\" style=\"stop-opacity:1;stop-color:var(--linear-gradient-82-fb-427-color-1)\"><\/stop><stop offset=\"100%\" style=\"stop-opacity:1;stop-color:var(--linear-gradient-82-fb-427-color-2)\"><\/stop><\/lineargradient><\/defs><\/svg><svg data-prefix=\"fas\" data-icon=\"chevron-down\" class=\"svg-inline--fa fa-chevron-down fa-w-14\" xmlns=\"http:\/\/www.w3.org\/2000\/svg\" viewbox=\"0 0 448 512\" aria-hidden=\"true\" width=\"32\" height=\"32\"><path fill=\"currentColor\" d=\"M207.029 381.476L12.686 187.132c-9.373-9.373-9.373-24.569 0-33.941l22.667-22.667c9.357-9.357 24.522-9.375 33.901-.04L224 284.505l154.745-154.021c9.379-9.335 24.544-9.317 33.901.04l22.667 22.667c9.373 9.373 9.373 24.569 0 33.941L240.971 381.476c-9.373 9.372-24.569 9.372-33.942 0z\"><\/path><\/svg><\/div><\/span><\/div>\n<\/div><\/div>\n<\/div><\/div><\/summary>\n\n\n\n<div class=\"wp-block-stackable-column stk-block-column stk-column stk-block stk-34a0386 stk-block-accordion__content\" data-v=\"4\" data-block-id=\"34a0386\"><div class=\"stk-column-wrapper stk-block-column__content stk-container stk-34a0386-container stk--no-background stk--no-padding\"><div class=\"stk-block-content stk-inner-blocks stk-34a0386-inner-blocks\">\n<ul class=\"wp-block-list\">\n<li>100% kostenlos und zum Download bereit<\/li>\n\n\n\n<li>Konzipiert f\u00fcr beide <strong>LEGO\u00ae Original<\/strong> Und <strong>LEGO-kompatible Steine<\/strong><\/li>\n\n\n\n<li>Perfekt f\u00fcr <strong>Geschenke, Wandkunst, Heimwerker-Hobbys und den Einsatz im Klassenzimmer<\/strong><\/li>\n\n\n\n<li>Abdeckungen <strong>mehrere Bildstile<\/strong>, einschlie\u00dflich Farbportr\u00e4ts, Muster und thematische Kunst<\/li>\n<\/ul>\n<\/div><\/div><\/div>\n<\/details>\n\n\n\n<div class=\"wp-block-buttons is-content-justification-center is-layout-flex wp-container-core-buttons-is-layout-cfeed78a wp-block-buttons-is-layout-flex\" style=\"border-radius:40px;padding-top:0;padding-right:0;padding-bottom:0;padding-left:0\">\n<div class=\"wp-block-button has-custom-width wp-block-button__width-100 is-style-secondary\"><a class=\"wp-block-button__link has-nv-site-bg-color has-neve-link-color-background-color has-text-color has-background has-link-color has-custom-font-size wp-element-button\" href=\"https:\/\/artforbricks.com\/de\/free-mosaic-build-plans-for-lego\/\" style=\"border-style:none;border-width:0px;border-radius:31px;font-size:14px\">Entdecken Sie Mosaikpl\u00e4ne<\/a><\/div>\n<\/div>\n<\/div>\n<\/div><\/div>\n\n\n\n<div class=\"wp-block-group has-background\" style=\"background-color:#f6f6f6;padding-top:var(--wp--preset--spacing--30);padding-bottom:var(--wp--preset--spacing--30)\"><div class=\"wp-block-group__inner-container is-layout-constrained wp-block-group-is-layout-constrained\">\n<p style=\"padding-top:var(--wp--preset--spacing--50);padding-right:var(--wp--preset--spacing--30);padding-bottom:0;padding-left:var(--wp--preset--spacing--40)\"><strong>Jeden Monat neu! Regelm\u00e4\u00dfig werden neue Brick-Art-Pl\u00e4ne hinzugef\u00fcgt. Abonnieren Sie unseren Newsletter, um \u00fcber neue Downloads informiert zu werden. <\/strong><\/p>\n\n\n\n<div class=\"wp-block-buttons is-content-justification-center is-layout-flex wp-container-core-buttons-is-layout-9c109acc wp-block-buttons-is-layout-flex\" style=\"border-radius:40px;padding-top:var(--wp--preset--spacing--20);padding-right:0;padding-bottom:var(--wp--preset--spacing--40);padding-left:0\">\n<div class=\"wp-block-button has-custom-width wp-block-button__width-50 is-style-default\"><a class=\"wp-block-button__link has-neve-link-hover-color-color has-nv-site-bg-background-color has-text-color has-background has-link-color has-custom-font-size wp-element-button\" href=\"https:\/\/artforbricks.com\/de\/newsletter\/\" style=\"border-width:4px;border-radius:31px;font-size:14px\">Abonnieren Sie Updates<\/a><\/div>\n<\/div>\n<\/div><\/div>\n\n\n\n<div style=\"height:63px\" aria-hidden=\"true\" class=\"wp-block-spacer\"><\/div>\n\n\n\n<div id=\"wp-block-themeisle-blocks-advanced-columns-fafca4be\" class=\"wp-block-themeisle-blocks-advanced-columns has-2-columns has-desktop-equal-layout has-tablet-equal-layout has-mobile-collapsedRows-layout has-vertical-unset\"><div class=\"wp-block-themeisle-blocks-advanced-columns-overlay\"><\/div><div class=\"innerblocks-wrap\">\n<div id=\"wp-block-themeisle-blocks-advanced-column-798c9447\" class=\"wp-block-themeisle-blocks-advanced-column\">\n<div class=\"wp-block-stackable-spacer stk-block-spacer stk--no-padding stk-block stk-a74157d\" data-block-id=\"a74157d\"><style>.stk-a74157d {height:10px !important;}<\/style><\/div>\n\n\n\n<h2 id=\"wp-block-themeisle-blocks-advanced-heading-d951bc3e\" class=\"wp-block-themeisle-blocks-advanced-heading wp-block-themeisle-blocks-advanced-heading-d951bc3e\">3D-Modellbaupl\u00e4ne<\/h2>\n\n\n\n<p class=\"has-text-align-left\">Erstellen Sie auff\u00e4llige <strong>3D-Modelle im LEGO\u00ae-Stil<\/strong> \u2013 Geb\u00e4ude, Miniaturen, abstrakte Kunst und mehr. Kostenlose Pl\u00e4ne f\u00fcr LEGO\u00ae und kompatible Steine.<\/p>\n\n\n\n<p>Enth\u00e4lt: Mehrschichtige Bauschritte, Teileinventare, Bonus-Styling-Tipps.<\/p>\n\n\n\n<details class=\"wp-block-stackable-accordion stk-block-accordion stk-inner-blocks has-text-align-left stk-block-content stk-block stk-f536e17 is-style-default\" data-block-id=\"f536e17\"><style>.stk-f536e17 {border-style:solid !important;border-color:var(--nv-secondary-accent) !important;}<\/style>\n<summary class=\"wp-block-stackable-column stk-block-column stk-column stk-block stk-08d0e4c stk--container-small stk-block-accordion__heading\" data-v=\"4\" data-block-id=\"08d0e4c\"><div class=\"stk-column-wrapper stk-block-column__content stk-container stk-08d0e4c-container stk-hover-parent\"><div class=\"has-text-align-right stk-block-content stk-inner-blocks stk-08d0e4c-inner-blocks\">\n<div class=\"wp-block-stackable-icon-label stk-block-icon-label stk-block stk-74f1518\" data-block-id=\"74f1518\"><div class=\"stk-row stk-inner-blocks stk-block-content\">\n<div class=\"wp-block-stackable-heading stk-block-heading stk-block-heading--v2 stk-block stk-4dd5887\" id=\"\ud83e\uddf1-why-build-with-our-free-plans\" data-block-id=\"4dd5887\"><style>.stk-4dd5887 .stk-block-heading__text{font-size:14px !important;color:var(--nv-secondary-accent) !important;}@media screen and (max-width: 1023px){.stk-4dd5887 .stk-block-heading__text{font-size:14px !important;}}<\/style><h4 class=\"stk-block-heading__text has-text-color\">\ud83e\uddf1 Warum mit unseren kostenlosen Pl\u00e4nen bauen?<\/h4><\/div>\n\n\n\n<div class=\"wp-block-stackable-icon stk-block-icon has-text-align-left stk-block stk-f017b46\" data-block-id=\"f017b46\"><style>.stk-f017b46 .stk--svg-wrapper .stk--inner-svg svg:last-child, .stk-f017b46 .stk--svg-wrapper .stk--inner-svg svg:last-child :is(g, path, rect, polygon, ellipse){fill:var(--nv-secondary-accent) !important;}<\/style><span class=\"stk--svg-wrapper\"><div class=\"stk--inner-svg\"><svg style=\"height:0;width:0\"><defs><lineargradient id=\"linear-gradient-f017b46\" x1=\"0\" x2=\"100%\" y1=\"0\" y2=\"0\"><stop offset=\"0%\" style=\"stop-opacity:1;stop-color:var(--linear-gradient-f-017-b-46-color-1)\"><\/stop><stop offset=\"100%\" style=\"stop-opacity:1;stop-color:var(--linear-gradient-f-017-b-46-color-2)\"><\/stop><\/lineargradient><\/defs><\/svg><svg data-prefix=\"fas\" data-icon=\"chevron-down\" class=\"svg-inline--fa fa-chevron-down fa-w-14\" xmlns=\"http:\/\/www.w3.org\/2000\/svg\" viewbox=\"0 0 448 512\" aria-hidden=\"true\" width=\"32\" height=\"32\"><path fill=\"currentColor\" d=\"M207.029 381.476L12.686 187.132c-9.373-9.373-9.373-24.569 0-33.941l22.667-22.667c9.357-9.357 24.522-9.375 33.901-.04L224 284.505l154.745-154.021c9.379-9.335 24.544-9.317 33.901.04l22.667 22.667c9.373 9.373 9.373 24.569 0 33.941L240.971 381.476c-9.373 9.372-24.569 9.372-33.942 0z\"><\/path><\/svg><\/div><\/span><\/div>\n<\/div><\/div>\n<\/div><\/div><\/summary>\n\n\n\n<div class=\"wp-block-stackable-column stk-block-column stk-column stk-block stk-b2d0278 stk-block-accordion__content\" data-v=\"4\" data-block-id=\"b2d0278\"><div class=\"stk-column-wrapper stk-block-column__content stk-container stk-b2d0278-container stk--no-background stk--no-padding\"><div class=\"stk-block-content stk-inner-blocks stk-b2d0278-inner-blocks\">\n<ul class=\"wp-block-list\">\n<li>100% kostenlos und zum Download bereit<\/li>\n\n\n\n<li>Konzipiert f\u00fcr beide <strong>LEGO\u00ae Original<\/strong> Und <strong>LEGO-kompatible Steine<\/strong><\/li>\n\n\n\n<li>Perfekt f\u00fcr <strong>Geschenke, Wandkunst, Heimwerker-Hobbys und den Einsatz im Klassenzimmer<\/strong><\/li>\n\n\n\n<li>Abdeckungen <strong>mehrere Bildstile<\/strong>, einschlie\u00dflich Farbportr\u00e4ts, Muster und thematische Kunst<\/li>\n<\/ul>\n<\/div><\/div><\/div>\n<\/details>\n\n\n\n<div class=\"wp-block-buttons is-content-justification-center is-layout-flex wp-container-core-buttons-is-layout-cfeed78a wp-block-buttons-is-layout-flex\" style=\"border-radius:40px;padding-top:0;padding-right:0;padding-bottom:0;padding-left:0\">\n<div class=\"wp-block-button has-custom-width wp-block-button__width-100 is-style-secondary\"><a class=\"wp-block-button__link has-nv-site-bg-color has-neve-link-color-background-color has-text-color has-background has-link-color has-custom-font-size wp-element-button\" href=\"https:\/\/artforbricks.com\/de\/https-artforbricks-com-free-3d-brick-model-build-plans\/\" style=\"border-style:none;border-width:0px;border-radius:31px;font-size:14px\">Entdecken Sie 3D-Modellpl\u00e4ne<\/a><\/div>\n<\/div>\n<\/div>\n\n\n\n<div id=\"wp-block-themeisle-blocks-advanced-column-46c13c45\" class=\"wp-block-themeisle-blocks-advanced-column\">\n<figure class=\"wp-block-image size-full\"><img loading=\"lazy\" decoding=\"async\" width=\"1080\" height=\"1080\" src=\"https:\/\/artforbricks.com\/wp-content\/uploads\/2025\/06\/Design-ohne-Titel-48.jpg\" alt=\"\" class=\"wp-image-971\" style=\"aspect-ratio:1;object-fit:cover\" srcset=\"https:\/\/artforbricks.com\/wp-content\/uploads\/2025\/06\/Design-ohne-Titel-48.jpg 1080w, https:\/\/artforbricks.com\/wp-content\/uploads\/2025\/06\/Design-ohne-Titel-48-300x300.jpg 300w, https:\/\/artforbricks.com\/wp-content\/uploads\/2025\/06\/Design-ohne-Titel-48-1024x1024.jpg 1024w, https:\/\/artforbricks.com\/wp-content\/uploads\/2025\/06\/Design-ohne-Titel-48-150x150.jpg 150w, https:\/\/artforbricks.com\/wp-content\/uploads\/2025\/06\/Design-ohne-Titel-48-768x768.jpg 768w, https:\/\/artforbricks.com\/wp-content\/uploads\/2025\/06\/Design-ohne-Titel-48-12x12.jpg 12w\" sizes=\"auto, (max-width: 1080px) 100vw, 1080px\" \/><\/figure>\n<\/div>\n<\/div><\/div>\n<\/div>\n<\/div><\/div>\n\n\n\n<div class=\"wp-block-stackable-spacer stk-block-spacer stk--no-padding stk-block stk-f920681\" data-block-id=\"f920681\"><style>.stk-f920681 {height:60px !important;}<\/style><\/div>\n\n\n\n<div id=\"wp-block-themeisle-blocks-advanced-columns-33c1c2b9\" class=\"wp-block-themeisle-blocks-advanced-columns has-3-columns has-desktop-equal-layout has-tablet-equal-layout has-mobile-collapsedRows-layout has-vertical-unset\"><div class=\"wp-block-themeisle-blocks-advanced-columns-overlay\"><\/div><div class=\"innerblocks-wrap\">\n<div id=\"wp-block-themeisle-blocks-advanced-column-9cb595d9\" class=\"wp-block-themeisle-blocks-advanced-column\"><\/div>\n\n\n\n<div id=\"wp-block-themeisle-blocks-advanced-column-65fd4fd0\" class=\"wp-block-themeisle-blocks-advanced-column\">\n<ul class=\"wp-block-social-links is-content-justification-center is-layout-flex wp-container-core-social-links-is-layout-16018d1d wp-block-social-links-is-layout-flex\"><li class=\"wp-social-link wp-social-link-instagram  wp-block-social-link\"><a href=\"https:\/\/www.instagram.com\/brickplicator.bricks.yourstyle\/\" class=\"wp-block-social-link-anchor\" target=\"_blank\" rel=\"noopener\"><svg width=\"24\" height=\"24\" viewbox=\"0 0 24 24\" version=\"1.1\" xmlns=\"http:\/\/www.w3.org\/2000\/svg\" aria-hidden=\"true\" focusable=\"false\"><path d=\"M12,4.622c2.403,0,2.688,0.009,3.637,0.052c0.877,0.04,1.354,0.187,1.671,0.31c0.42,0.163,0.72,0.358,1.035,0.673 c0.315,0.315,0.51,0.615,0.673,1.035c0.123,0.317,0.27,0.794,0.31,1.671c0.043,0.949,0.052,1.234,0.052,3.637 s-0.009,2.688-0.052,3.637c-0.04,0.877-0.187,1.354-0.31,1.671c-0.163,0.42-0.358,0.72-0.673,1.035 c-0.315,0.315-0.615,0.51-1.035,0.673c-0.317,0.123-0.794,0.27-1.671,0.31c-0.949,0.043-1.233,0.052-3.637,0.052 s-2.688-0.009-3.637-0.052c-0.877-0.04-1.354-0.187-1.671-0.31c-0.42-0.163-0.72-0.358-1.035-0.673 c-0.315-0.315-0.51-0.615-0.673-1.035c-0.123-0.317-0.27-0.794-0.31-1.671C4.631,14.688,4.622,14.403,4.622,12 s0.009-2.688,0.052-3.637c0.04-0.877,0.187-1.354,0.31-1.671c0.163-0.42,0.358-0.72,0.673-1.035 c0.315-0.315,0.615-0.51,1.035-0.673c0.317-0.123,0.794-0.27,1.671-0.31C9.312,4.631,9.597,4.622,12,4.622 M12,3 C9.556,3,9.249,3.01,8.289,3.054C7.331,3.098,6.677,3.25,6.105,3.472C5.513,3.702,5.011,4.01,4.511,4.511 c-0.5,0.5-0.808,1.002-1.038,1.594C3.25,6.677,3.098,7.331,3.054,8.289C3.01,9.249,3,9.556,3,12c0,2.444,0.01,2.751,0.054,3.711 c0.044,0.958,0.196,1.612,0.418,2.185c0.23,0.592,0.538,1.094,1.038,1.594c0.5,0.5,1.002,0.808,1.594,1.038 c0.572,0.222,1.227,0.375,2.185,0.418C9.249,20.99,9.556,21,12,21s2.751-0.01,3.711-0.054c0.958-0.044,1.612-0.196,2.185-0.418 c0.592-0.23,1.094-0.538,1.594-1.038c0.5-0.5,0.808-1.002,1.038-1.594c0.222-0.572,0.375-1.227,0.418-2.185 C20.99,14.751,21,14.444,21,12s-0.01-2.751-0.054-3.711c-0.044-0.958-0.196-1.612-0.418-2.185c-0.23-0.592-0.538-1.094-1.038-1.594 c-0.5-0.5-1.002-0.808-1.594-1.038c-0.572-0.222-1.227-0.375-2.185-0.418C14.751,3.01,14.444,3,12,3L12,3z M12,7.378 c-2.552,0-4.622,2.069-4.622,4.622S9.448,16.622,12,16.622s4.622-2.069,4.622-4.622S14.552,7.378,12,7.378z M12,15 c-1.657,0-3-1.343-3-3s1.343-3,3-3s3,1.343,3,3S13.657,15,12,15z M16.804,6.116c-0.596,0-1.08,0.484-1.08,1.08 s0.484,1.08,1.08,1.08c0.596,0,1.08-0.484,1.08-1.08S17.401,6.116,16.804,6.116z\"><\/path><\/svg><span class=\"wp-block-social-link-label screen-reader-text\">Instagram<\/span><\/a><\/li>\n\n<li class=\"wp-social-link wp-social-link-facebook  wp-block-social-link\"><a href=\"https:\/\/www.facebook.com\/brickplicator\/\" class=\"wp-block-social-link-anchor\" target=\"_blank\" rel=\"noopener\"><svg width=\"24\" height=\"24\" viewbox=\"0 0 24 24\" version=\"1.1\" xmlns=\"http:\/\/www.w3.org\/2000\/svg\" aria-hidden=\"true\" focusable=\"false\"><path d=\"M12 2C6.5 2 2 6.5 2 12c0 5 3.7 9.1 8.4 9.9v-7H7.9V12h2.5V9.8c0-2.5 1.5-3.9 3.8-3.9 1.1 0 2.2.2 2.2.2v2.5h-1.3c-1.2 0-1.6.8-1.6 1.6V12h2.8l-.4 2.9h-2.3v7C18.3 21.1 22 17 22 12c0-5.5-4.5-10-10-10z\"><\/path><\/svg><span class=\"wp-block-social-link-label screen-reader-text\">Facebook<\/span><\/a><\/li>\n\n<li class=\"wp-social-link wp-social-link-youtube  wp-block-social-link\"><a href=\"https:\/\/www.youtube.com\/watch?v=BL5xgtdSM4wu0026list=PLN7wxCDQ_Qj5cGu002du002dqxTcn_wRmtAVZj5XVu0026index=2\" class=\"wp-block-social-link-anchor\" target=\"_blank\" rel=\"noopener\"><svg width=\"24\" height=\"24\" viewbox=\"0 0 24 24\" version=\"1.1\" xmlns=\"http:\/\/www.w3.org\/2000\/svg\" aria-hidden=\"true\" focusable=\"false\"><path d=\"M21.8,8.001c0,0-0.195-1.378-0.795-1.985c-0.76-0.797-1.613-0.801-2.004-0.847c-2.799-0.202-6.997-0.202-6.997-0.202 h-0.009c0,0-4.198,0-6.997,0.202C4.608,5.216,3.756,5.22,2.995,6.016C2.395,6.623,2.2,8.001,2.2,8.001S2,9.62,2,11.238v1.517 c0,1.618,0.2,3.237,0.2,3.237s0.195,1.378,0.795,1.985c0.761,0.797,1.76,0.771,2.205,0.855c1.6,0.153,6.8,0.201,6.8,0.201 s4.203-0.006,7.001-0.209c0.391-0.047,1.243-0.051,2.004-0.847c0.6-0.607,0.795-1.985,0.795-1.985s0.2-1.618,0.2-3.237v-1.517 C22,9.62,21.8,8.001,21.8,8.001z M9.935,14.594l-0.001-5.62l5.404,2.82L9.935,14.594z\"><\/path><\/svg><span class=\"wp-block-social-link-label screen-reader-text\">YouTube<\/span><\/a><\/li><\/ul>\n<\/div>\n\n\n\n<div id=\"wp-block-themeisle-blocks-advanced-column-6caaa633\" class=\"wp-block-themeisle-blocks-advanced-column\"><\/div>\n<\/div><\/div>\n\n\n\n<p><\/p>","protected":false},"excerpt":{"rendered":"","protected":false},"author":2,"featured_media":0,"parent":0,"menu_order":0,"comment_status":"closed","ping_status":"closed","template":"","meta":{"_monsterinsights_skip_tracking":false,"_monsterinsights_sitenote_active":false,"_monsterinsights_sitenote_note":"","_monsterinsights_sitenote_category":0,"_uf_show_specific_survey":0,"_uf_disable_surveys":false,"neve_meta_sidebar":"","neve_meta_container":"","neve_meta_enable_content_width":"","neve_meta_content_width":0,"neve_meta_title_alignment":"center","neve_meta_author_avatar":"","neve_post_elements_order":"","neve_meta_disable_header":"off","neve_meta_disable_footer":"","neve_meta_disable_title":"on","_themeisle_gutenberg_block_has_review":false,"footnotes":""},"categories":[],"tags":[],"class_list":["post-947","page","type-page","status-publish","hentry"],"_links":{"self":[{"href":"https:\/\/artforbricks.com\/de\/wp-json\/wp\/v2\/pages\/947","targetHints":{"allow":["GET"]}}],"collection":[{"href":"https:\/\/artforbricks.com\/de\/wp-json\/wp\/v2\/pages"}],"about":[{"href":"https:\/\/artforbricks.com\/de\/wp-json\/wp\/v2\/types\/page"}],"author":[{"embeddable":true,"href":"https:\/\/artforbricks.com\/de\/wp-json\/wp\/v2\/users\/2"}],"replies":[{"embeddable":true,"href":"https:\/\/artforbricks.com\/de\/wp-json\/wp\/v2\/comments?post=947"}],"version-history":[{"count":58,"href":"https:\/\/artforbricks.com\/de\/wp-json\/wp\/v2\/pages\/947\/revisions"}],"predecessor-version":[{"id":1386,"href":"https:\/\/artforbricks.com\/de\/wp-json\/wp\/v2\/pages\/947\/revisions\/1386"}],"wp:attachment":[{"href":"https:\/\/artforbricks.com\/de\/wp-json\/wp\/v2\/media?parent=947"}],"wp:term":[{"taxonomy":"category","embeddable":true,"href":"https:\/\/artforbricks.com\/de\/wp-json\/wp\/v2\/categories?post=947"},{"taxonomy":"post_tag","embeddable":true,"href":"https:\/\/artforbricks.com\/de\/wp-json\/wp\/v2\/tags?post=947"}],"curies":[{"name":"wp","href":"https:\/\/api.w.org\/{rel}","templated":true}]}}