{"id":1522,"date":"2025-07-09T17:19:18","date_gmt":"2025-07-09T17:19:18","guid":{"rendered":"https:\/\/artforbricks.com\/?page_id=1522"},"modified":"2025-07-09T17:35:44","modified_gmt":"2025-07-09T17:35:44","slug":"first-photo-mosaic","status":"publish","type":"page","link":"https:\/\/artforbricks.com\/de\/first-photo-mosaic\/","title":{"rendered":"Erstellen Sie Ihr erstes Ziegelmosaik aus einem Foto"},"content":{"rendered":"<div class=\"wp-block-stackable-heading stk-block-heading stk-block-heading--v2 stk-block stk-f26f7ea ticss-f26f7eae\" id=\"create-your-first-brick-mosaic-from-a-photo\" data-block-id=\"f26f7ea\"><style>.stk-f26f7ea .stk-block-heading__text{color:var(--nv-light-bg) !important;}<\/style><h1 class=\"stk-block-heading__text has-text-color\">Erstellen Sie Ihr erstes Ziegelmosaik aus einem Foto<\/h1><\/div>\n\n\n\n<div id=\"wp-block-themeisle-blocks-advanced-columns-3330068f\" class=\"wp-block-themeisle-blocks-advanced-columns has-1-columns has-desktop-equal-layout has-tablet-equal-layout has-mobile-equal-layout has-vertical-unset\"><div class=\"wp-block-themeisle-blocks-advanced-columns-overlay\"><\/div><div class=\"innerblocks-wrap\">\n<div id=\"wp-block-themeisle-blocks-advanced-column-206b0cd1\" class=\"wp-block-themeisle-blocks-advanced-column has-light-bg\">\n<p>M\u00f6chten Sie Ihr Lieblingsfoto in ein LEGO\u00ae-kompatibles Mosaik verwandeln? Es ist einfacher als Sie denken!<br>Dieses anf\u00e4ngerfreundliche Tutorial f\u00fchrt Sie Schritt f\u00fcr Schritt durch <a class=\"\" href=\"https:\/\/brickmosaicdesigner.com\" target=\"_blank\" rel=\"noopener\">BrickMosaicDesigner.com<\/a>. Keine Softwareinstallation erforderlich. Hochladen, anpassen, herunterladen \u2013 und erstellen!<\/p>\n<\/div>\n<\/div><\/div>\n\n\n\n<div id=\"wp-block-themeisle-blocks-advanced-columns-92c085ba\" class=\"wp-block-themeisle-blocks-advanced-columns has-1-columns has-desktop-equal-layout has-tablet-equal-layout has-mobile-equal-layout has-vertical-unset\"><div class=\"wp-block-themeisle-blocks-advanced-columns-overlay\"><\/div><div class=\"innerblocks-wrap\">\n<div id=\"wp-block-themeisle-blocks-advanced-column-305c450a\" class=\"wp-block-themeisle-blocks-advanced-column\">\n<div class=\"wp-block-stackable-heading stk-block-heading stk-block-heading--v2 stk-block stk-df0711c\" id=\"how-it-works-watch-this-quick-tutorial\" data-block-id=\"df0711c\"><h2 class=\"stk-block-heading__text\">So funktioniert es \u2013 Sehen Sie sich dieses kurze Tutorial an<\/h2><\/div>\n\n\n\n<figure class=\"wp-block-embed is-type-video is-provider-youtube wp-block-embed-youtube wp-embed-aspect-4-3 wp-has-aspect-ratio\"><div class=\"wp-block-embed__wrapper\">\n<div class=\"nv-iframe-embed\"><iframe loading=\"lazy\" title=\"brickmosaicdesigner.com \u2013 Verwandeln Sie Ihre Erinnerungen mit Leichtigkeit in atemberaubende Ziegelmosaikkunst \ud83e\uddf1\u2728\" width=\"1200\" height=\"900\" src=\"https:\/\/www.youtube.com\/embed\/fcRQl3n-9ro?feature=oembed\" frameborder=\"0\" allow=\"accelerometer; autoplay; clipboard-write; encrypted-media; gyroscope; picture-in-picture; web-share\" referrerpolicy=\"strict-origin-when-cross-origin\" allowfullscreen><\/iframe><\/div>\n<\/div><\/figure>\n<\/div>\n<\/div><\/div>\n\n\n\n<div id=\"wp-block-themeisle-blocks-advanced-columns-c8edf9b5\" class=\"wp-block-themeisle-blocks-advanced-columns has-1-columns has-desktop-equal-layout has-tablet-equal-layout has-mobile-equal-layout has-vertical-unset\"><div class=\"wp-block-themeisle-blocks-advanced-columns-overlay\"><\/div><div class=\"innerblocks-wrap\">\n<div id=\"wp-block-themeisle-blocks-advanced-column-ed82324d\" class=\"wp-block-themeisle-blocks-advanced-column\">\n<div class=\"wp-block-stackable-heading stk-block-heading stk-block-heading--v2 stk-block stk-e9613e9\" id=\"materials-needed\" data-block-id=\"e9613e9\"><h2 class=\"stk-block-heading__text\">Ben\u00f6tigte Materialien<\/h2><\/div>\n\n\n\n<div id=\"wp-block-themeisle-blocks-icon-list-7566a509\" class=\"wp-block-themeisle-blocks-icon-list\">\n<div id=\"wp-block-themeisle-blocks-icon-list-item-4b500c10\" class=\"wp-block-themeisle-blocks-icon-list-item\"><img decoding=\"async\" src=\"https:\/\/artforbricks.com\/wp-content\/uploads\/2025\/07\/ArtforBricks.com-Buttons.jpg\"\/><p class=\"wp-block-themeisle-blocks-icon-list-item-content\">Ein klares JPG- oder PNG-Foto<\/p><\/div>\n\n\n\n<div id=\"wp-block-themeisle-blocks-icon-list-item-e4919bcc\" class=\"wp-block-themeisle-blocks-icon-list-item\"><img decoding=\"async\" src=\"https:\/\/artforbricks.com\/wp-content\/uploads\/2025\/07\/ArtforBricks.com-Buttons.jpg\"\/><p class=\"wp-block-themeisle-blocks-icon-list-item-content\">Internetzugang<\/p><\/div>\n\n\n\n<div id=\"wp-block-themeisle-blocks-icon-list-item-56fe7181\" class=\"wp-block-themeisle-blocks-icon-list-item\"><img decoding=\"async\" src=\"https:\/\/artforbricks.com\/wp-content\/uploads\/2025\/07\/ArtforBricks.com-Buttons.jpg\"\/><p class=\"wp-block-themeisle-blocks-icon-list-item-content\">Kostenloses Online-Tool: <a href=\"https:\/\/brickmosaicdesigner.com\" target=\"_blank\" rel=\"noopener\">brickmosaicdesigner.com<\/a> <\/p><\/div>\n<\/div>\n<\/div>\n<\/div><\/div>\n\n\n\n<div class=\"wp-block-stackable-spacer stk-block-spacer stk--no-padding stk-block stk-cf7f668\" data-block-id=\"cf7f668\"><\/div>\n\n\n\n<div id=\"wp-block-themeisle-blocks-advanced-columns-3cbdfb49\" class=\"wp-block-themeisle-blocks-advanced-columns has-1-columns has-desktop-equal-layout has-tablet-equal-layout has-mobile-equal-layout has-vertical-unset\"><div class=\"wp-block-themeisle-blocks-advanced-columns-overlay\"><\/div><div class=\"innerblocks-wrap\">\n<div id=\"wp-block-themeisle-blocks-advanced-column-0410853e\" class=\"wp-block-themeisle-blocks-advanced-column\">\n<div class=\"wp-block-stackable-heading stk-block-heading stk-block-heading--v2 stk-block stk-8c9d9f5\" id=\"how-to-step-by-step\" data-block-id=\"8c9d9f5\"><h2 class=\"stk-block-heading__text\">Schritt-f\u00fcr-Schritt-Anleitung<\/h2><\/div>\n\n\n<div id=\"rank-math-howto\" class=\"rank-math-block\">\n<div class=\"rank-math-howto-description\">\n\n<\/div>\n\n<div class=\"rank-math-steps\">\n<div id=\"howto-step-1752077250198\" class=\"rank-math-step\">\n<h3 class=\"rank-math-step-title\">Schritt 1: Laden Sie Ihr Bild hoch<\/h3>\n<div class=\"rank-math-step-content\"><img loading=\"lazy\" decoding=\"async\" width=\"300\" height=\"234\" src=\"https:\/\/artforbricks.com\/wp-content\/uploads\/2025\/07\/BMD-How-To-step-by-step-1920-x-1500-px-300x234.jpg\" class=\"attachment-medium size-medium\" alt=\"\" \/><p>Verwenden <a class=\"\" href=\"https:\/\/brickmosaicdesigner.com\" target=\"_blank\" rel=\"noopener\">brickmosaicdesigner.com<\/a> und klicken Sie auf \u201eBild hochladen\u201c. W\u00e4hlen Sie ein klares Hoch- oder Querformatfoto.<\/p>\n<\/div>\n<\/div>\n<div id=\"howto-step-1752077283547\" class=\"rank-math-step\">\n<h3 class=\"rank-math-step-title\">Schritt 2: Mosaikformat und -gr\u00f6\u00dfe ausw\u00e4hlen<\/h3>\n<div class=\"rank-math-step-content\"><img loading=\"lazy\" decoding=\"async\" width=\"300\" height=\"234\" src=\"https:\/\/artforbricks.com\/wp-content\/uploads\/2025\/07\/BMD-How-To-step-by-step-1920-x-1500-px-1-300x234.jpg\" class=\"attachment-medium size-medium\" alt=\"brickmosaicdesigner.com choose mosaic format and size\" \/><p>W\u00e4hlen Sie ein Format (Hochformat, Querformat oder Quadrat) und eine Gr\u00f6\u00dfe ab 40\u00d740 Noppen (1 Grundplatte). Gr\u00f6\u00dfere Formate erm\u00f6glichen mehr Details.<\/p>\n<\/div>\n<\/div>\n<div id=\"howto-step-1752077686117\" class=\"rank-math-step\">\n<h3 class=\"rank-math-step-title\">Schritt 3 (optional): Bild zuschneiden <\/h3>\n<div class=\"rank-math-step-content\"><img loading=\"lazy\" decoding=\"async\" width=\"300\" height=\"234\" src=\"https:\/\/artforbricks.com\/wp-content\/uploads\/2025\/07\/BMD-How-To-step-by-step-1920-x-1500-px-2-300x234.jpg\" class=\"attachment-medium size-medium\" alt=\"\" \/><p>Schneiden Sie das Bild zu, um nur den relevantesten Teil Ihres Bildes in ein Mosaik zu verwandeln.<\/p>\n<\/div>\n<\/div>\n<div id=\"howto-step-1752078032277\" class=\"rank-math-step\">\n<h3 class=\"rank-math-step-title\">Schritt 4: Farben, Kontrast und Helligkeit anpassen <\/h3>\n<div class=\"rank-math-step-content\"><img loading=\"lazy\" decoding=\"async\" width=\"300\" height=\"234\" src=\"https:\/\/artforbricks.com\/wp-content\/uploads\/2025\/07\/BMD-How-To-step-by-step-1920-x-1500-px-3-300x234.jpg\" class=\"attachment-medium size-medium\" alt=\"\" \/><p>Passen Sie Helligkeit, Kontrast und Farbeinstellungen manuell an, um Ihr fertiges Mosaik-Meisterwerk erstrahlen zu lassen.  <\/p>\n<\/div>\n<\/div>\n<div id=\"howto-step-1752079699926\" class=\"rank-math-step\">\n<h3 class=\"rank-math-step-title\">Schritt 5: Fordern Sie den kostenlosen Mosaik-Bauplan an <\/h3>\n<div class=\"rank-math-step-content\"><img loading=\"lazy\" decoding=\"async\" width=\"300\" height=\"234\" src=\"https:\/\/artforbricks.com\/wp-content\/uploads\/2025\/07\/BMD-How-To-step-by-step-1920-x-1500-px-4-300x234.jpg\" class=\"attachment-medium size-medium\" alt=\"\" \/><p>Klicken Sie auf die Schaltfl\u00e4che \u201eErstellen\u201c, geben Sie Ihre E-Mail-Adresse ein und erhalten Sie den kostenlosen Bauplan f\u00fcr Ihre Mosaikkreation nur wenige Augenblicke sp\u00e4ter in Ihrem Posteingang. <\/p>\n<\/div>\n<\/div>\n<div id=\"howto-step-1752080474698\" class=\"rank-math-step\">\n<h3 class=\"rank-math-step-title\">Schritt 5: Laden Sie den kostenlosen Mosaic-Bauplan herunter <\/h3>\n<div class=\"rank-math-step-content\"><img loading=\"lazy\" decoding=\"async\" width=\"300\" height=\"234\" src=\"https:\/\/artforbricks.com\/wp-content\/uploads\/2025\/07\/BMD-How-To-step-by-step-1920-x-1500-px-5-300x234.jpg\" class=\"attachment-medium size-medium\" alt=\"\" \/><p>Betrachten Sie Ihr neues Mosaikdesign aus jedem Winkel und laden Sie den kostenlosen Bauplan herunter. <\/p>\n<\/div>\n<\/div>\n<\/div>\n<\/div><\/div>\n<\/div><\/div>\n\n\n\n<div class=\"wp-block-stackable-spacer stk-block-spacer stk--no-padding stk-block stk-917d781\" data-block-id=\"917d781\"><style>.stk-917d781 {height:75px !important;}<\/style><\/div>\n\n\n<div id=\"rank-math-faq\" class=\"rank-math-block\">\n<div class=\"rank-math-list\">\n<div id=\"faq-question-1752080691398\" class=\"rank-math-list-item\">\n<h3 class=\"rank-math-question\">Ist das Tool kostenlos?<\/h3>\n<div class=\"rank-math-answer\">\n\n<p>100% \u2013 keine Registrierung oder Zahlung erforderlich.<\/p>\n\n<\/div>\n<\/div>\n<div id=\"faq-question-1752080737949\" class=\"rank-math-list-item\">\n<h3 class=\"rank-math-question\">Was ist, wenn ich nicht alle Steine zu Hause habe, um das neue Mosaikdesign zu bauen?<\/h3>\n<div class=\"rank-math-answer\">\n\n<p>Sollten Sie nicht alle Teile zu Hause haben, die Sie f\u00fcr Ihr sch\u00f6nes Mosaik-Design ben\u00f6tigen, haben wir die <strong>Komplettset f\u00fcr Sie bereit<\/strong> kaufen.<br \/>\u00a0<br \/>Ihr Mosaik-Set enth\u00e4lt den umfassenden Online-Bauplan, alle erforderlichen LEGO\u00ae Compatible Color Standard Plates und alle notwendigen LEGO\u00ae Compatible Build Plates sowie einige Bricking-Werkzeuge.<\/p>\n\n<\/div>\n<\/div>\n<\/div>\n<\/div>\n\n\n<div class=\"wp-block-stackable-spacer stk-block-spacer stk--no-padding stk-block stk-e7ccbb1\" data-block-id=\"e7ccbb1\"><\/div>\n\n\n\n<div class=\"wp-block-stackable-call-to-action stk-block-call-to-action stk-block stk-227cb61 stk-block-background is-style-default\" data-v=\"2\" data-block-id=\"227cb61\"><style>.stk-227cb61 {background-color:#f6f6f6 !important;}.stk-227cb61:before{background-color:#f6f6f6 !important;}<\/style><div class=\"stk-block-call-to-action__content stk-content-align stk-227cb61-column stk-container stk-227cb61-container stk-hover-parent\"><div class=\"has-text-align-center stk-block-content stk-inner-blocks stk-227cb61-inner-blocks\">\n<div class=\"wp-block-stackable-heading stk-block-heading stk-block-heading--v2 stk-block stk-2344185\" id=\"ready-to-create-your-own-mosaic\" data-block-id=\"2344185\"><style>.stk-2344185 .stk-block-heading__text{color:var(--nv-c-2) !important;}<\/style><h3 class=\"stk-block-heading__text has-text-color\">Bereit, Ihr eigenes Mosaik zu erstellen?<\/h3><\/div>\n\n\n\n<div class=\"wp-block-buttons is-content-justification-center is-layout-flex wp-container-core-buttons-is-layout-16018d1d wp-block-buttons-is-layout-flex\">\n<div class=\"wp-block-button\"><a class=\"wp-block-button__link has-nv-light-bg-color has-neve-link-color-background-color has-text-color has-background has-link-color has-text-align-center wp-element-button\" href=\"https:\/\/brickmosaicdesigner.com\" target=\"_blank\" rel=\"noreferrer noopener\">Jetzt mit dem Design beginnen<\/a><\/div>\n<\/div>\n<\/div><\/div><\/div>\n\n\n\n<div class=\"wp-block-stackable-spacer stk-block-spacer stk--no-padding stk-block stk-1b54f62\" data-block-id=\"1b54f62\"><\/div>\n\n\n<div class=\"alignright wp-block-themeisle-blocks-sharing-icons\" id=\"wp-block-themeisle-blocks-sharing-icons-5c32222d\"><div class=\"social-icons-wrap\"><a class=\"social-icon is-facebook\" aria-label=\"Auf Facebook teilen\" href=\"https:\/\/www.facebook.com\/sharer\/sharer.php?u=https:\/\/artforbricks.com\/de\/de\/wp-json\/wp\/v2\/pages\/1522&#038;title=Create%20Your%20First%20Brick%20Mosaic%20from%20a%20Photo\" target=\"_blank\"><svg aria-hidden=\"true\" xmlns=\"http:\/\/www.w3.org\/2000\/svg\" viewbox=\"0 0 512 512\"><!--!Font Awesome Free 6.6.0 by @fontawesome - https:\/\/fontawesome.com License - https:\/\/fontawesome.com\/license\/free Copyright 2024 Fonticons, Inc.--><path d=\"M512 256C512 114.6 397.4 0 256 0S0 114.6 0 256C0 376 82.7 476.8 194.2 504.5V334.2H141.4V256h52.8V222.3c0-87.1 39.4-127.5 125-127.5c16.2 0 44.2 3.2 55.7 6.4V172c-6-.6-16.5-1-29.6-1c-42 0-58.2 15.9-58.2 57.2V256h83.6l-14.4 78.2H287V510.1C413.8 494.8 512 386.9 512 256h0z\"\/><\/svg><span class=\"v-line\"><\/span>Facebook<\/a><a class=\"social-icon is-twitter\" aria-label=\"Auf X teilen\" href=\"http:\/\/x.com\/share?url=https:\/\/artforbricks.com\/de\/de\/wp-json\/wp\/v2\/pages\/1522&#038;text=Create%20Your%20First%20Brick%20Mosaic%20from%20a%20Photo\" target=\"_blank\"><svg aria-hidden=\"true\" xmlns=\"http:\/\/www.w3.org\/2000\/svg\" viewbox=\"0 0 512 512\"><!--!Font Awesome Free 6.6.0 by @fontawesome - https:\/\/fontawesome.com License - https:\/\/fontawesome.com\/license\/free Copyright 2024 Fonticons, Inc.--><path d=\"M389.2 48h70.6L305.6 224.2 487 464H345L233.7 318.6 106.5 464H35.8L200.7 275.5 26.8 48H172.4L272.9 180.9 389.2 48zM364.4 421.8h39.1L151.1 88h-42L364.4 421.8z\"\/><\/svg><\/a><a class=\"social-icon is-tumblr\" aria-label=\"Share on Tumblr\" href=\"https:\/\/tumblr.com\/share\/link?url=https:\/\/artforbricks.com\/de\/de\/wp-json\/wp\/v2\/pages\/1522&#038;name=Create%20Your%20First%20Brick%20Mosaic%20from%20a%20Photo\" target=\"_blank\"><svg aria-hidden=\"true\" xmlns=\"http:\/\/www.w3.org\/2000\/svg\" viewbox=\"0 0 320 512\"><!--!Font Awesome Free 6.6.0 by @fontawesome - https:\/\/fontawesome.com License - https:\/\/fontawesome.com\/license\/free Copyright 2024 Fonticons, Inc.--><path d=\"M309.8 480.3c-13.6 14.5-50 31.7-97.4 31.7-120.8 0-147-88.8-147-140.6v-144H17.9c-5.5 0-10-4.5-10-10v-68c0-7.2 4.5-13.6 11.3-16 62-21.8 81.5-76 84.3-117.1 .8-11 6.5-16.3 16.1-16.3h70.9c5.5 0 10 4.5 10 10v115.2h83c5.5 0 10 4.4 10 9.9v81.7c0 5.5-4.5 10-10 10h-83.4V360c0 34.2 23.7 53.6 68 35.8 4.8-1.9 9-3.2 12.7-2.2 3.5 .9 5.8 3.4 7.4 7.9l22 64.3c1.8 5 3.3 10.6-.4 14.5z\"\/><\/svg><span class=\"v-line\"><\/span>Tumblr<\/a><a class=\"social-icon is-whatsapp\" aria-label=\"Auf WhatsApp teilen\" href=\"https:\/\/api.whatsapp.com\/send?text=https:\/\/artforbricks.com\/de\/de\/wp-json\/wp\/v2\/pages\/1522\" target=\"_blank\"><svg aria-hidden=\"true\" xmlns=\"http:\/\/www.w3.org\/2000\/svg\" viewbox=\"0 0 448 512\"><!--!Font Awesome Free 6.6.0 by @fontawesome - https:\/\/fontawesome.com License - https:\/\/fontawesome.com\/license\/free Copyright 2024 Fonticons, Inc.--><path d=\"M380.9 97.1C339 55.1 283.2 32 223.9 32c-122.4 0-222 99.6-222 222 0 39.1 10.2 77.3 29.6 111L0 480l117.7-30.9c32.4 17.7 68.9 27 106.1 27h.1c122.3 0 224.1-99.6 224.1-222 0-59.3-25.2-115-67.1-157zm-157 341.6c-33.2 0-65.7-8.9-94-25.7l-6.7-4-69.8 18.3L72 359.2l-4.4-7c-18.5-29.4-28.2-63.3-28.2-98.2 0-101.7 82.8-184.5 184.6-184.5 49.3 0 95.6 19.2 130.4 54.1 34.8 34.9 56.2 81.2 56.1 130.5 0 101.8-84.9 184.6-186.6 184.6zm101.2-138.2c-5.5-2.8-32.8-16.2-37.9-18-5.1-1.9-8.8-2.8-12.5 2.8-3.7 5.6-14.3 18-17.6 21.8-3.2 3.7-6.5 4.2-12 1.4-32.6-16.3-54-29.1-75.5-66-5.7-9.8 5.7-9.1 16.3-30.3 1.8-3.7 .9-6.9-.5-9.7-1.4-2.8-12.5-30.1-17.1-41.2-4.5-10.8-9.1-9.3-12.5-9.5-3.2-.2-6.9-.2-10.6-.2-3.7 0-9.7 1.4-14.8 6.9-5.1 5.6-19.4 19-19.4 46.3 0 27.3 19.9 53.7 22.6 57.4 2.8 3.7 39.1 59.7 94.8 83.8 35.2 15.2 49 16.5 66.6 13.9 10.7-1.6 32.8-13.4 37.4-26.4 4.6-13 4.6-24.1 3.2-26.4-1.3-2.5-5-3.9-10.5-6.6z\"\/><\/svg><span class=\"v-line\"><\/span>WhatsApp<\/a><a class=\"social-icon is-email\" aria-label=\"Per E-Mail teilen\" href=\"mailto:?subject=Create%20Your%20First%20Brick%20Mosaic%20from%20a%20Photo&#038;body=https:\/\/artforbricks.com\/de\/de\/wp-json\/wp\/v2\/pages\/1522\" target=\"_blank\"><svg aria-hidden=\"true\" xmlns=\"http:\/\/www.w3.org\/2000\/svg\" viewbox=\"0 0 512 512\"><!--!Font Awesome Free 6.6.0 by @fontawesome - https:\/\/fontawesome.com License - https:\/\/fontawesome.com\/license\/free Copyright 2024 Fonticons, Inc.--><path d=\"M48 64C21.5 64 0 85.5 0 112c0 15.1 7.1 29.3 19.2 38.4L236.8 313.6c11.4 8.5 27 8.5 38.4 0L492.8 150.4c12.1-9.1 19.2-23.3 19.2-38.4c0-26.5-21.5-48-48-48L48 64zM0 176L0 384c0 35.3 28.7 64 64 64l384 0c35.3 0 64-28.7 64-64l0-208L294.4 339.2c-22.8 17.1-54 17.1-76.8 0L0 176z\"\/><\/svg><span class=\"v-line\"><\/span>E-Mail<\/a><a class=\"social-icon is-threads\" aria-label=\"Auf Threads teilen\" href=\"https:\/\/threads.net\/intent\/post?text=https:\/\/artforbricks.com\/de\/de\/wp-json\/wp\/v2\/pages\/1522\"><svg aria-hidden=\"true\" xmlns=\"http:\/\/www.w3.org\/2000\/svg\" viewbox=\"0 0 448 512\"><!--!Font Awesome Free 6.6.0 by @fontawesome - https:\/\/fontawesome.com License - https:\/\/fontawesome.com\/license\/free Copyright 2024 Fonticons, Inc.--><path d=\"M331.5 235.7c2.2 .9 4.2 1.9 6.3 2.8c29.2 14.1 50.6 35.2 61.8 61.4c15.7 36.5 17.2 95.8-30.3 143.2c-36.2 36.2-80.3 52.5-142.6 53h-.3c-70.2-.5-124.1-24.1-160.4-70.2c-32.3-41-48.9-98.1-49.5-169.6V256v-.2C17 184.3 33.6 127.2 65.9 86.2C102.2 40.1 156.2 16.5 226.4 16h.3c70.3 .5 124.9 24 162.3 69.9c18.4 22.7 32 50 40.6 81.7l-40.4 10.8c-7.1-25.8-17.8-47.8-32.2-65.4c-29.2-35.8-73-54.2-130.5-54.6c-57 .5-100.1 18.8-128.2 54.4C72.1 146.1 58.5 194.3 58 256c.5 61.7 14.1 109.9 40.3 143.3c28 35.6 71.2 53.9 128.2 54.4c51.4-.4 85.4-12.6 113.7-40.9c32.3-32.2 31.7-71.8 21.4-95.9c-6.1-14.2-17.1-26-31.9-34.9c-3.7 26.9-11.8 48.3-24.7 64.8c-17.1 21.8-41.4 33.6-72.7 35.3c-23.6 1.3-46.3-4.4-63.9-16c-20.8-13.8-33-34.8-34.3-59.3c-2.5-48.3 35.7-83 95.2-86.4c21.1-1.2 40.9-.3 59.2 2.8c-2.4-14.8-7.3-26.6-14.6-35.2c-10-11.7-25.6-17.7-46.2-17.8H227c-16.6 0-39 4.6-53.3 26.3l-34.4-23.6c19.2-29.1 50.3-45.1 87.8-45.1h.8c62.6 .4 99.9 39.5 103.7 107.7l-.2 .2zm-156 68.8c1.3 25.1 28.4 36.8 54.6 35.3c25.6-1.4 54.6-11.4 59.5-73.2c-13.2-2.9-27.8-4.4-43.4-4.4c-4.8 0-9.6 .1-14.4 .4c-42.9 2.4-57.2 23.2-56.2 41.8l-.1 .1z\"\/><\/svg><span class=\"v-line\"><\/span>Threads<\/a><\/div><\/div>\n\n\n<div class=\"wp-block-stackable-spacer stk-block-spacer stk--no-padding stk-block stk-3236412\" data-block-id=\"3236412\"><style>.stk-3236412 {height:100px !important;}<\/style><\/div>\n\n\n<div class=\"aligncenter wp-block-site-logo\"><a href=\"https:\/\/artforbricks.com\/de\/\" class=\"custom-logo-link\" rel=\"home\"><img loading=\"lazy\" decoding=\"async\" width=\"77\" height=\"77\" src=\"https:\/\/artforbricks.com\/wp-content\/uploads\/2025\/06\/cropped-Art4Bricks-Logo.png\" class=\"custom-logo\" alt=\"artforbricks\" srcset=\"https:\/\/artforbricks.com\/wp-content\/uploads\/2025\/06\/cropped-Art4Bricks-Logo.png 512w, https:\/\/artforbricks.com\/wp-content\/uploads\/2025\/06\/cropped-Art4Bricks-Logo-300x300.png 300w, https:\/\/artforbricks.com\/wp-content\/uploads\/2025\/06\/cropped-Art4Bricks-Logo-150x150.png 150w, https:\/\/artforbricks.com\/wp-content\/uploads\/2025\/06\/cropped-Art4Bricks-Logo-12x12.png 12w, https:\/\/artforbricks.com\/wp-content\/uploads\/2025\/06\/cropped-Art4Bricks-Logo-270x270.png 270w, https:\/\/artforbricks.com\/wp-content\/uploads\/2025\/06\/cropped-Art4Bricks-Logo-192x192.png 192w, https:\/\/artforbricks.com\/wp-content\/uploads\/2025\/06\/cropped-Art4Bricks-Logo-180x180.png 180w, https:\/\/artforbricks.com\/wp-content\/uploads\/2025\/06\/cropped-Art4Bricks-Logo-32x32.png 32w\" sizes=\"auto, (max-width: 77px) 100vw, 77px\" \/><\/a><\/div>\n\n\n<div class=\"wp-block-stackable-divider aligncenter stk-block-divider has-text-align-center stk-block stk-d2cdad0\" data-block-id=\"d2cdad0\"><hr class=\"stk-block-divider__hr\"\/><\/div>\n\n\n\n<ul class=\"wp-block-social-links is-content-justification-center is-layout-flex wp-container-core-social-links-is-layout-16018d1d wp-block-social-links-is-layout-flex\"><li class=\"wp-social-link wp-social-link-facebook  wp-block-social-link\"><a href=\"https:\/\/www.facebook.com\/brickplicator\" class=\"wp-block-social-link-anchor\" target=\"_blank\" rel=\"noopener\"><svg width=\"24\" height=\"24\" viewbox=\"0 0 24 24\" version=\"1.1\" xmlns=\"http:\/\/www.w3.org\/2000\/svg\" aria-hidden=\"true\" focusable=\"false\"><path d=\"M12 2C6.5 2 2 6.5 2 12c0 5 3.7 9.1 8.4 9.9v-7H7.9V12h2.5V9.8c0-2.5 1.5-3.9 3.8-3.9 1.1 0 2.2.2 2.2.2v2.5h-1.3c-1.2 0-1.6.8-1.6 1.6V12h2.8l-.4 2.9h-2.3v7C18.3 21.1 22 17 22 12c0-5.5-4.5-10-10-10z\"><\/path><\/svg><span class=\"wp-block-social-link-label screen-reader-text\">Facebook<\/span><\/a><\/li>\n\n<li class=\"wp-social-link wp-social-link-youtube  wp-block-social-link\"><a href=\"https:\/\/www.youtube.com\/playlist?list=PLN7wxCDQ_Qj5cG--qxTcn_wRmtAVZj5XV\" class=\"wp-block-social-link-anchor\" target=\"_blank\" rel=\"noopener\"><svg width=\"24\" height=\"24\" viewbox=\"0 0 24 24\" version=\"1.1\" xmlns=\"http:\/\/www.w3.org\/2000\/svg\" aria-hidden=\"true\" focusable=\"false\"><path d=\"M21.8,8.001c0,0-0.195-1.378-0.795-1.985c-0.76-0.797-1.613-0.801-2.004-0.847c-2.799-0.202-6.997-0.202-6.997-0.202 h-0.009c0,0-4.198,0-6.997,0.202C4.608,5.216,3.756,5.22,2.995,6.016C2.395,6.623,2.2,8.001,2.2,8.001S2,9.62,2,11.238v1.517 c0,1.618,0.2,3.237,0.2,3.237s0.195,1.378,0.795,1.985c0.761,0.797,1.76,0.771,2.205,0.855c1.6,0.153,6.8,0.201,6.8,0.201 s4.203-0.006,7.001-0.209c0.391-0.047,1.243-0.051,2.004-0.847c0.6-0.607,0.795-1.985,0.795-1.985s0.2-1.618,0.2-3.237v-1.517 C22,9.62,21.8,8.001,21.8,8.001z M9.935,14.594l-0.001-5.62l5.404,2.82L9.935,14.594z\"><\/path><\/svg><span class=\"wp-block-social-link-label screen-reader-text\">YouTube<\/span><\/a><\/li>\n\n<li class=\"wp-social-link wp-social-link-instagram  wp-block-social-link\"><a href=\"https:\/\/www.instagram.com\/brickplicator.bricks.yourstyle\/\" class=\"wp-block-social-link-anchor\" target=\"_blank\" rel=\"noopener\"><svg width=\"24\" height=\"24\" viewbox=\"0 0 24 24\" version=\"1.1\" xmlns=\"http:\/\/www.w3.org\/2000\/svg\" aria-hidden=\"true\" focusable=\"false\"><path d=\"M12,4.622c2.403,0,2.688,0.009,3.637,0.052c0.877,0.04,1.354,0.187,1.671,0.31c0.42,0.163,0.72,0.358,1.035,0.673 c0.315,0.315,0.51,0.615,0.673,1.035c0.123,0.317,0.27,0.794,0.31,1.671c0.043,0.949,0.052,1.234,0.052,3.637 s-0.009,2.688-0.052,3.637c-0.04,0.877-0.187,1.354-0.31,1.671c-0.163,0.42-0.358,0.72-0.673,1.035 c-0.315,0.315-0.615,0.51-1.035,0.673c-0.317,0.123-0.794,0.27-1.671,0.31c-0.949,0.043-1.233,0.052-3.637,0.052 s-2.688-0.009-3.637-0.052c-0.877-0.04-1.354-0.187-1.671-0.31c-0.42-0.163-0.72-0.358-1.035-0.673 c-0.315-0.315-0.51-0.615-0.673-1.035c-0.123-0.317-0.27-0.794-0.31-1.671C4.631,14.688,4.622,14.403,4.622,12 s0.009-2.688,0.052-3.637c0.04-0.877,0.187-1.354,0.31-1.671c0.163-0.42,0.358-0.72,0.673-1.035 c0.315-0.315,0.615-0.51,1.035-0.673c0.317-0.123,0.794-0.27,1.671-0.31C9.312,4.631,9.597,4.622,12,4.622 M12,3 C9.556,3,9.249,3.01,8.289,3.054C7.331,3.098,6.677,3.25,6.105,3.472C5.513,3.702,5.011,4.01,4.511,4.511 c-0.5,0.5-0.808,1.002-1.038,1.594C3.25,6.677,3.098,7.331,3.054,8.289C3.01,9.249,3,9.556,3,12c0,2.444,0.01,2.751,0.054,3.711 c0.044,0.958,0.196,1.612,0.418,2.185c0.23,0.592,0.538,1.094,1.038,1.594c0.5,0.5,1.002,0.808,1.594,1.038 c0.572,0.222,1.227,0.375,2.185,0.418C9.249,20.99,9.556,21,12,21s2.751-0.01,3.711-0.054c0.958-0.044,1.612-0.196,2.185-0.418 c0.592-0.23,1.094-0.538,1.594-1.038c0.5-0.5,0.808-1.002,1.038-1.594c0.222-0.572,0.375-1.227,0.418-2.185 C20.99,14.751,21,14.444,21,12s-0.01-2.751-0.054-3.711c-0.044-0.958-0.196-1.612-0.418-2.185c-0.23-0.592-0.538-1.094-1.038-1.594 c-0.5-0.5-1.002-0.808-1.594-1.038c-0.572-0.222-1.227-0.375-2.185-0.418C14.751,3.01,14.444,3,12,3L12,3z M12,7.378 c-2.552,0-4.622,2.069-4.622,4.622S9.448,16.622,12,16.622s4.622-2.069,4.622-4.622S14.552,7.378,12,7.378z M12,15 c-1.657,0-3-1.343-3-3s1.343-3,3-3s3,1.343,3,3S13.657,15,12,15z M16.804,6.116c-0.596,0-1.08,0.484-1.08,1.08 s0.484,1.08,1.08,1.08c0.596,0,1.08-0.484,1.08-1.08S17.401,6.116,16.804,6.116z\"><\/path><\/svg><span class=\"wp-block-social-link-label screen-reader-text\">Instagram<\/span><\/a><\/li><\/ul>\n\n\n\n<p><\/p>","protected":false},"excerpt":{"rendered":"<p>Erstellen Sie Ihr erstes Ziegelmosaik anhand eines Fotos. Sind Sie bereit, Ihr eigenes Mosaik zu erstellen?<\/p>","protected":false},"author":2,"featured_media":0,"parent":0,"menu_order":0,"comment_status":"closed","ping_status":"closed","template":"","meta":{"_monsterinsights_skip_tracking":false,"_monsterinsights_sitenote_active":false,"_monsterinsights_sitenote_note":"","_monsterinsights_sitenote_category":0,"_uf_show_specific_survey":0,"_uf_disable_surveys":false,"neve_meta_sidebar":"","neve_meta_container":"","neve_meta_enable_content_width":"","neve_meta_content_width":0,"neve_meta_title_alignment":"","neve_meta_author_avatar":"","neve_post_elements_order":"","neve_meta_disable_header":"off","neve_meta_disable_footer":"on","neve_meta_disable_title":"on","_themeisle_gutenberg_block_has_review":false,"footnotes":""},"categories":[34],"tags":[],"class_list":["post-1522","page","type-page","status-publish","hentry","category-mosaic-tutorials"],"_links":{"self":[{"href":"https:\/\/artforbricks.com\/de\/wp-json\/wp\/v2\/pages\/1522","targetHints":{"allow":["GET"]}}],"collection":[{"href":"https:\/\/artforbricks.com\/de\/wp-json\/wp\/v2\/pages"}],"about":[{"href":"https:\/\/artforbricks.com\/de\/wp-json\/wp\/v2\/types\/page"}],"author":[{"embeddable":true,"href":"https:\/\/artforbricks.com\/de\/wp-json\/wp\/v2\/users\/2"}],"replies":[{"embeddable":true,"href":"https:\/\/artforbricks.com\/de\/wp-json\/wp\/v2\/comments?post=1522"}],"version-history":[{"count":23,"href":"https:\/\/artforbricks.com\/de\/wp-json\/wp\/v2\/pages\/1522\/revisions"}],"predecessor-version":[{"id":1562,"href":"https:\/\/artforbricks.com\/de\/wp-json\/wp\/v2\/pages\/1522\/revisions\/1562"}],"wp:attachment":[{"href":"https:\/\/artforbricks.com\/de\/wp-json\/wp\/v2\/media?parent=1522"}],"wp:term":[{"taxonomy":"category","embeddable":true,"href":"https:\/\/artforbricks.com\/de\/wp-json\/wp\/v2\/categories?post=1522"},{"taxonomy":"post_tag","embeddable":true,"href":"https:\/\/artforbricks.com\/de\/wp-json\/wp\/v2\/tags?post=1522"}],"curies":[{"name":"wp","href":"https:\/\/api.w.org\/{rel}","templated":true}]}}