{"id":1357,"date":"2025-07-09T15:12:05","date_gmt":"2025-07-09T15:12:05","guid":{"rendered":"https:\/\/artforbricks.com\/?page_id=1357"},"modified":"2025-07-09T17:36:02","modified_gmt":"2025-07-09T17:36:02","slug":"brick-art-tutorials","status":"publish","type":"page","link":"https:\/\/artforbricks.com\/de\/brick-art-tutorials\/","title":{"rendered":"Brick Art Tutorials \u2013 Schritt f\u00fcr Schritt eigene Mosaike und 3D-Modelle bauen"},"content":{"rendered":"<div id=\"wp-block-themeisle-blocks-advanced-columns-751c3b35\" class=\"wp-block-themeisle-blocks-advanced-columns has-1-columns has-desktop-equal-layout has-tablet-equal-layout has-mobile-equal-layout has-vertical-unset\"><div class=\"wp-block-themeisle-blocks-advanced-columns-overlay\"><\/div><div class=\"innerblocks-wrap\">\n<div id=\"wp-block-themeisle-blocks-advanced-column-86975a04\" class=\"wp-block-themeisle-blocks-advanced-column\">\n<div id=\"wp-block-themeisle-blocks-advanced-columns-046a0901\" class=\"wp-block-themeisle-blocks-advanced-columns has-1-columns has-desktop-equal-layout has-tablet-equal-layout has-mobile-equal-layout has-vertical-unset\"><div class=\"wp-block-themeisle-blocks-advanced-columns-overlay\"><\/div><div class=\"innerblocks-wrap\">\n<div id=\"wp-block-themeisle-blocks-advanced-column-4882775d\" class=\"wp-block-themeisle-blocks-advanced-column\">\n<div class=\"wp-block-stackable-heading stk-block-heading stk-block-heading--v2 stk-block stk-b9fa718 ticss-b9fa7186\" id=\"brick-art-tutorials-build-your-own-mosaics-and-3-d-models-step-by-step\" data-block-id=\"b9fa718\"><style>.stk-b9fa718 .stk-block-heading__text{color:var(--nv-site-bg) !important;}<\/style><h1 class=\"stk-block-heading__text has-text-color has-text-align-center\">Brick Art Tutorials \u2013 Schritt f\u00fcr Schritt eigene Mosaike und 3D-Modelle bauen<\/h1><\/div>\n\n\n\n<div id=\"wp-block-themeisle-blocks-advanced-columns-ea89f3aa\" class=\"wp-block-themeisle-blocks-advanced-columns has-1-columns has-desktop-equal-layout has-tablet-equal-layout has-mobile-equal-layout has-vertical-unset has-light-bg\"><div class=\"wp-block-themeisle-blocks-advanced-columns-overlay\"><\/div><div class=\"innerblocks-wrap\">\n<div id=\"wp-block-themeisle-blocks-advanced-column-18569c37\" class=\"wp-block-themeisle-blocks-advanced-column has-light-bg\">\n<div class=\"wp-block-stackable-heading stk-block-heading stk-block-heading--v2 stk-block stk-ecac72b\" id=\"welcome-to-brick-by-brick-your-creative-learning-hub\" data-block-id=\"ecac72b\"><h4 class=\"stk-block-heading__text\">Willkommen bei Brick by Brick \u2013 Ihrem kreativen Lernzentrum<\/h4><\/div>\n\n\n\n<p class=\"has-neve-text-color-color has-text-color has-link-color wp-elements-f62dbb4193e1901e470eda87f3960635\">Egal, ob du neu in der Steinkunst bist oder deine Bauf\u00e4higkeiten verbessern m\u00f6chtest \u2013 hier kannst du die Kunst des Mosaikbaus und der 3D-Steinmodelle erlernen, experimentieren und meistern. Alle Tutorials sind LEGO-kompatibel und f\u00fcr Baumeister jeden Alters konzipiert.<\/p>\n<\/div>\n<\/div><\/div>\n\n\n\n<div style=\"height:63px\" aria-hidden=\"true\" class=\"wp-block-spacer\"><\/div>\n\n\n\n<nav class=\"wp-block-stackable-table-of-contents stk-block-table-of-contents stk-block stk-eaf9646 stk-block-background\" data-block-id=\"eaf9646\"><style>.stk-eaf9646 ul, .stk-eaf9646 ol{padding-left:21px !important;}.stk-eaf9646 li, .stk-eaf9646 ul li a, .stk-eaf9646 ol li a{color:var(--nv-text-color) !important;}.stk-eaf9646 .stk-table-of-contents__title{color:var(--nv-secondary-accent) !important;}.stk-eaf9646 {background-color:#f6f6f6 !important;}.stk-eaf9646:before{background-color:#f6f6f6 !important;}<\/style><p class=\"stk-table-of-contents__title has-text-color\"><strong>Inhaltsverzeichnis <\/strong><\/p><ul class=\"stk-table-of-contents__table has-text-color\"><li><a href=\"#featured-tutorials-beginner-friendly\">Empfohlene Tutorials (Anf\u00e4ngerfreundlich)<\/a><ul><li><a href=\"#create-your-first-brick-mosaic-from-a-photo\">Erstellen Sie Ihr erstes Ziegelmosaik anhand eines Fotos <\/a><\/li><\/ul><\/li><li><a href=\"#video-tutorials-watch-amp-build-along\">Video-Tutorials (Ansehen und Mitbauen)<\/a><ul><li><a href=\"#create-your-first-3-d-brick-model\">Erstellen Sie Ihr erstes 3D-Ziegelmodell<\/a><\/li><\/ul><\/li><li><a href=\"#tutorials-by-category\">Tutorials nach Kategorie <\/a><\/li><\/ul><\/nav>\n\n\n\n<div id=\"wp-block-themeisle-blocks-advanced-columns-2da2b8f6\" class=\"wp-block-themeisle-blocks-advanced-columns has-1-columns has-desktop-equal-layout has-tablet-equal-layout has-mobile-equal-layout has-vertical-unset\"><div class=\"wp-block-themeisle-blocks-advanced-columns-overlay\"><\/div><div class=\"innerblocks-wrap\">\n<div id=\"wp-block-themeisle-blocks-advanced-column-ced75f1b\" class=\"wp-block-themeisle-blocks-advanced-column\">\n<div class=\"wp-block-stackable-heading stk-block-heading stk-block-heading--v2 stk-block stk-928dd7a\" id=\"featured-tutorials-beginner-friendly\" data-block-id=\"928dd7a\"><h2 class=\"stk-block-heading__text\">Empfohlene Tutorials (Anf\u00e4ngerfreundlich)<\/h2><\/div>\n\n\n\n<div class=\"wp-block-stackable-feature-grid stk-block-feature-grid stk-block-columns stk-block stk-f12dbbd is-style-default\" data-block-id=\"f12dbbd\"><div class=\"stk-row stk-inner-blocks has-text-align-center stk-block-content stk-content-align stk-f12dbbd-column\">\n<div class=\"wp-block-stackable-column stk-block-column stk-column stk-block stk-03aca61\" data-v=\"4\" data-block-id=\"03aca61\"><div class=\"stk-column-wrapper stk-block-column__content stk-container stk-03aca61-container stk-hover-parent\"><div class=\"stk-block-content stk-inner-blocks stk-03aca61-inner-blocks\">\n<div class=\"wp-block-stackable-image stk-block-image stk-block stk-2c62ba3\" data-block-id=\"2c62ba3\"><style>.stk-2c62ba3 .stk-img-wrapper{aspect-ratio:4\/3 !important;height:auto !important;}.stk-2c62ba3 .stk-img-wrapper img{object-position:49% 59% !important;}@media screen and (max-width: 1023px){.stk-2c62ba3 .stk-img-wrapper{height:auto !important;}}@media screen and (max-width: 767px){.stk-2c62ba3 .stk-img-wrapper{height:auto !important;}}<\/style><figure><span class=\"stk-img-wrapper stk-image--shape-stretch\"><img loading=\"lazy\" decoding=\"async\" class=\"stk-img wp-image-1362\" src=\"https:\/\/artforbricks.com\/wp-content\/uploads\/2025\/07\/brickmosaicdesigner_video_tutorial_featured_image.jpg\" width=\"2048\" height=\"1492\" alt=\"a hand pointing at a screen\" srcset=\"https:\/\/artforbricks.com\/wp-content\/uploads\/2025\/07\/brickmosaicdesigner_video_tutorial_featured_image.jpg 2048w, https:\/\/artforbricks.com\/wp-content\/uploads\/2025\/07\/brickmosaicdesigner_video_tutorial_featured_image-300x219.jpg 300w, https:\/\/artforbricks.com\/wp-content\/uploads\/2025\/07\/brickmosaicdesigner_video_tutorial_featured_image-1024x746.jpg 1024w, https:\/\/artforbricks.com\/wp-content\/uploads\/2025\/07\/brickmosaicdesigner_video_tutorial_featured_image-768x560.jpg 768w, https:\/\/artforbricks.com\/wp-content\/uploads\/2025\/07\/brickmosaicdesigner_video_tutorial_featured_image-1536x1119.jpg 1536w, https:\/\/artforbricks.com\/wp-content\/uploads\/2025\/07\/brickmosaicdesigner_video_tutorial_featured_image-16x12.jpg 16w\" sizes=\"auto, (max-width: 2048px) 100vw, 2048px\" \/><\/span><\/figure><\/div>\n\n\n\n<div class=\"wp-block-stackable-heading stk-block-heading stk-block-heading--v2 stk-block stk-0f174c8\" id=\"create-your-first-brick-mosaic-from-a-photo\" data-block-id=\"0f174c8\"><style>.stk-0f174c8 .stk-block-heading__text{color:var(--nv-secondary-accent) !important;}<\/style><h3 class=\"stk-block-heading__text has-text-color\">Erstellen Sie Ihr erstes Ziegelmosaik anhand eines Fotos <\/h3><\/div>\n\n\n\n<div class=\"wp-block-buttons is-content-justification-center is-layout-flex wp-container-core-buttons-is-layout-16018d1d wp-block-buttons-is-layout-flex\">\n<div class=\"wp-block-button\"><a class=\"wp-block-button__link has-neve-link-color-color has-nv-site-bg-background-color has-text-color has-background has-link-color has-border-color has-neve-link-color-border-color has-text-align-center wp-element-button\" href=\"https:\/\/artforbricks.com\/de\/?page_id=1522\" style=\"border-width:4px\">Start<\/a><\/div>\n<\/div>\n<\/div><\/div><\/div>\n<\/div><\/div>\n<\/div>\n<\/div><\/div>\n<\/div>\n<\/div><\/div>\n\n\n\n<div style=\"height:63px\" aria-hidden=\"true\" class=\"wp-block-spacer\"><\/div>\n\n\n\n<div class=\"wp-block-group has-background\" style=\"background-color:#f6f6f6;padding-top:var(--wp--preset--spacing--50);padding-right:var(--wp--preset--spacing--60);padding-bottom:var(--wp--preset--spacing--50);padding-left:var(--wp--preset--spacing--60)\"><div class=\"wp-block-group__inner-container is-layout-constrained wp-container-core-group-is-layout-5a3522f1 wp-block-group-is-layout-constrained\">\n<p class=\"has-text-align-center\" style=\"padding-top:0;padding-right:var(--wp--preset--spacing--30);padding-bottom:0;padding-left:var(--wp--preset--spacing--30)\"><strong>Jeden Monat neu! Regelm\u00e4\u00dfig werden neue Brick-Art-Pl\u00e4ne hinzugef\u00fcgt. Abonnieren Sie unseren Newsletter, um \u00fcber neue Downloads informiert zu werden. <\/strong><\/p>\n\n\n\n<div class=\"wp-block-buttons is-content-justification-center is-layout-flex wp-container-core-buttons-is-layout-25860663 wp-block-buttons-is-layout-flex\" style=\"border-radius:40px;padding-top:0;padding-right:var(--wp--preset--spacing--40);padding-bottom:0;padding-left:var(--wp--preset--spacing--40)\">\n<div class=\"wp-block-button is-style-secondary\"><a class=\"wp-block-button__link has-neve-link-hover-color-color has-text-color has-link-color has-border-color has-nv-c-2-border-color wp-element-button\" href=\"https:\/\/artforbricks.com\/de\/newsletter\/\" style=\"border-width:7px;border-radius:34px\">Abonnieren f\u00fcr Updates<\/a><\/div>\n<\/div>\n<\/div><\/div>\n\n\n\n<div style=\"height:63px\" aria-hidden=\"true\" class=\"wp-block-spacer\"><\/div>\n\n\n\n<div id=\"wp-block-themeisle-blocks-advanced-columns-6f0427e7\" class=\"wp-block-themeisle-blocks-advanced-columns has-1-columns has-desktop-equal-layout has-tablet-equal-layout has-mobile-equal-layout has-vertical-unset\"><div class=\"wp-block-themeisle-blocks-advanced-columns-overlay\"><\/div><div class=\"innerblocks-wrap\">\n<div id=\"wp-block-themeisle-blocks-advanced-column-13461bfc\" class=\"wp-block-themeisle-blocks-advanced-column\">\n<div class=\"wp-block-stackable-heading stk-block-heading stk-block-heading--v2 stk-block stk-dcf2f39\" id=\"video-tutorials-watch-amp-build-along\" data-block-id=\"dcf2f39\"><h2 class=\"stk-block-heading__text\">Video-Tutorials (Ansehen und Mitbauen)<\/h2><\/div>\n\n\n\n<div class=\"wp-block-columns is-layout-flex wp-container-core-columns-is-layout-9d6595d7 wp-block-columns-is-layout-flex\">\n<div class=\"wp-block-column is-vertically-aligned-center is-layout-flow wp-block-column-is-layout-flow\">\n<figure style=\"padding-top:0;padding-right:var(--wp--preset--spacing--20);padding-bottom:var(--wp--preset--spacing--20);padding-left:var(--wp--preset--spacing--20)\" class=\"wp-block-video\"><video controls poster=\"https:\/\/artforbricks.com\/wp-content\/uploads\/2025\/07\/Step-by-Step-Video-Tutorial-5.jpg\" src=\"https:\/\/artforbricks.com\/wp-content\/uploads\/2025\/07\/How-to-convert-any-3D-model-into-a-LEGO-build-plan.mp4\"><\/video><\/figure>\n\n\n\n<div class=\"wp-block-stackable-heading stk-block-heading stk-block-heading--v2 stk-block stk-177dbec\" id=\"create-your-first-3-d-brick-model\" data-block-id=\"177dbec\"><style>.stk-177dbec .stk-block-heading__text{color:var(--nv-secondary-accent) !important;}<\/style><h3 class=\"stk-block-heading__text has-text-color has-text-align-center\">Erstellen Sie Ihr erstes 3D-Ziegelmodell<\/h3><\/div>\n<\/div>\n\n\n\n<div class=\"wp-block-column is-layout-flow wp-block-column-is-layout-flow\"><\/div>\n<\/div>\n<\/div>\n<\/div><\/div>\n\n\n\n<div style=\"height:63px\" aria-hidden=\"true\" class=\"wp-block-spacer\"><\/div>\n<\/div>\n<\/div><\/div>\n\n\n\n<div id=\"wp-block-themeisle-blocks-advanced-columns-0b564bd3\" class=\"wp-block-themeisle-blocks-advanced-columns has-1-columns has-desktop-equal-layout has-tablet-equal-layout has-mobile-equal-layout has-vertical-unset\"><div class=\"wp-block-themeisle-blocks-advanced-columns-overlay\"><\/div><div class=\"innerblocks-wrap\">\n<div id=\"wp-block-themeisle-blocks-advanced-column-1cabf46e\" class=\"wp-block-themeisle-blocks-advanced-column\">\n<div class=\"wp-block-stackable-heading stk-block-heading stk-block-heading--v2 stk-block stk-8cab2ef\" id=\"tutorials-by-category\" data-block-id=\"8cab2ef\"><h2 class=\"stk-block-heading__text\">Tutorials nach Kategorie <\/h2><\/div>\n\n\n\n<div id=\"wp-block-themeisle-blocks-accordion-38c7826f\" class=\"wp-block-themeisle-blocks-accordion exclusive\">\n<details class=\"wp-block-themeisle-blocks-accordion-item\"><summary class=\"wp-block-themeisle-blocks-accordion-item__title\"><div>\ud83d\uddbc\ufe0f <strong><span style=\"color: var(--nv-secondary-accent);\" class=\"stk-highlight\">Mosaik-Tutorials<\/span><\/strong><\/div><\/summary><div class=\"wp-block-themeisle-blocks-accordion-item__content\">\n<div class=\"wp-block-group is-vertical is-layout-flex wp-container-core-group-is-layout-8cf370e7 wp-block-group-is-layout-flex\">\n<p class=\"has-text-align-left has-neve-text-color-color has-text-color has-link-color wp-elements-979a51cc96507177685cc77a30011895\"><a href=\"https:\/\/youtu.be\/psZ-GJjoN78\" target=\"_blank\" rel=\"noopener\">Erstellen Sie gro\u00dfe und stabile Bauplatten als grundsolide Basis f\u00fcr Ihre TRUE COLORS Ziegelmosaikkunst<\/a><\/p>\n<\/div>\n<\/div><\/details>\n\n\n\n<details class=\"wp-block-themeisle-blocks-accordion-item\"><summary class=\"wp-block-themeisle-blocks-accordion-item__title\"><div>\ud83e\uddf1 <span style=\"color: var(--nv-secondary-accent);\" class=\"stk-highlight\"><strong>Tutorials zu 3D-Ziegelmodellen<\/strong><\/span><\/div><\/summary><div class=\"wp-block-themeisle-blocks-accordion-item__content\">\n<div class=\"wp-block-group has-neve-text-color-color has-text-color has-link-color wp-elements-13f4b46369d65632c73895711bec1937 is-vertical is-layout-flex wp-container-core-group-is-layout-8cf370e7 wp-block-group-is-layout-flex\">\n<p class=\"has-text-align-left\"><a href=\"https:\/\/youtu.be\/DMJ9-vHpyxg\" target=\"_blank\" rel=\"noopener\">So konvertieren Sie jedes 3D-Modell in einen LEGO-Bauplan<\/a><\/p>\n<\/div>\n<\/div><\/details>\n\n\n\n<details class=\"wp-block-themeisle-blocks-accordion-item\"><summary class=\"wp-block-themeisle-blocks-accordion-item__title\"><div>\ud83d\udee0\ufe0f <strong><span style=\"color: var(--nv-secondary-accent);\" class=\"stk-highlight\">Tools &amp; Software-Anleitungen <\/span><\/strong><\/div><\/summary><div class=\"wp-block-themeisle-blocks-accordion-item__content\">\n<div class=\"wp-block-group is-vertical is-layout-flex wp-container-core-group-is-layout-8cf370e7 wp-block-group-is-layout-flex\">\n<p class=\"has-text-align-left has-neve-text-color-color has-text-color has-link-color wp-elements-e33e50b672474958596678b5f036f540\"><\/p>\n<\/div>\n<\/div><\/details>\n<\/div>\n<\/div>\n<\/div><\/div>\n\n\n\n<div style=\"height:63px\" aria-hidden=\"true\" class=\"wp-block-spacer\"><\/div>\n\n\n<div id=\"rank-math-faq\" class=\"rank-math-block\">\n<div class=\"rank-math-list\">\n<div id=\"faq-question-1752067665259\" class=\"rank-math-list-item\">\n<h3 class=\"rank-math-question\">Wie lange dauert es, ein Mosaik zu erstellen?<\/h3>\n<div class=\"rank-math-answer\">\n\n<p>Es h\u00e4ngt von der Gr\u00f6\u00dfe und Komplexit\u00e4t ab \u2013 die meisten Benutzer stellen ein Portr\u00e4t in 3\u20136 Stunden fertig.<\/p>\n\n<\/div>\n<\/div>\n<div id=\"faq-question-1752067679365\" class=\"rank-math-list-item\">\n<h3 class=\"rank-math-question\">Kann ich LEGO verwenden<sup>\u00ae<\/sup> Ziegel oder Alternativen?<\/h3>\n<div class=\"rank-math-answer\">\n\n<p>Ja. Unsere Tutorials funktionieren sowohl mit originalen LEGO\u00ae-Steinen als auch mit LEGO-kompatiblen Steinen.<\/p>\n\n<\/div>\n<\/div>\n<div id=\"faq-question-1752067693342\" class=\"rank-math-list-item\">\n<h3 class=\"rank-math-question\">Wo kann ich die ben\u00f6tigten Steine kaufen?<\/h3>\n<div class=\"rank-math-answer\">\n\n<p>Sie k\u00f6nnen die Teileliste auf BrickLink hochladen oder \u00fcber Ihren bevorzugten H\u00e4ndler bestellen.<\/p>\n\n<\/div>\n<\/div>\n<\/div>\n<\/div>\n\n\n<div class=\"wp-block-stackable-spacer stk-block-spacer stk--no-padding stk-block stk-a258952\" data-block-id=\"a258952\"><style>.stk-a258952 {height:60px !important;}<\/style><\/div>\n\n\n\n<div id=\"wp-block-themeisle-blocks-advanced-columns-33c1c2b9\" class=\"wp-block-themeisle-blocks-advanced-columns has-3-columns has-desktop-equal-layout has-tablet-equal-layout has-mobile-collapsedRows-layout has-vertical-unset\"><div class=\"wp-block-themeisle-blocks-advanced-columns-overlay\"><\/div><div class=\"innerblocks-wrap\">\n<div id=\"wp-block-themeisle-blocks-advanced-column-9cb595d9\" class=\"wp-block-themeisle-blocks-advanced-column\"><\/div>\n\n\n\n<div id=\"wp-block-themeisle-blocks-advanced-column-65fd4fd0\" class=\"wp-block-themeisle-blocks-advanced-column\">\n<ul class=\"wp-block-social-links is-content-justification-center is-layout-flex wp-container-core-social-links-is-layout-16018d1d wp-block-social-links-is-layout-flex\"><li class=\"wp-social-link wp-social-link-instagram  wp-block-social-link\"><a href=\"https:\/\/www.instagram.com\/brickplicator.bricks.yourstyle\/\" class=\"wp-block-social-link-anchor\" target=\"_blank\" rel=\"noopener\"><svg width=\"24\" height=\"24\" viewbox=\"0 0 24 24\" version=\"1.1\" xmlns=\"http:\/\/www.w3.org\/2000\/svg\" aria-hidden=\"true\" focusable=\"false\"><path d=\"M12,4.622c2.403,0,2.688,0.009,3.637,0.052c0.877,0.04,1.354,0.187,1.671,0.31c0.42,0.163,0.72,0.358,1.035,0.673 c0.315,0.315,0.51,0.615,0.673,1.035c0.123,0.317,0.27,0.794,0.31,1.671c0.043,0.949,0.052,1.234,0.052,3.637 s-0.009,2.688-0.052,3.637c-0.04,0.877-0.187,1.354-0.31,1.671c-0.163,0.42-0.358,0.72-0.673,1.035 c-0.315,0.315-0.615,0.51-1.035,0.673c-0.317,0.123-0.794,0.27-1.671,0.31c-0.949,0.043-1.233,0.052-3.637,0.052 s-2.688-0.009-3.637-0.052c-0.877-0.04-1.354-0.187-1.671-0.31c-0.42-0.163-0.72-0.358-1.035-0.673 c-0.315-0.315-0.51-0.615-0.673-1.035c-0.123-0.317-0.27-0.794-0.31-1.671C4.631,14.688,4.622,14.403,4.622,12 s0.009-2.688,0.052-3.637c0.04-0.877,0.187-1.354,0.31-1.671c0.163-0.42,0.358-0.72,0.673-1.035 c0.315-0.315,0.615-0.51,1.035-0.673c0.317-0.123,0.794-0.27,1.671-0.31C9.312,4.631,9.597,4.622,12,4.622 M12,3 C9.556,3,9.249,3.01,8.289,3.054C7.331,3.098,6.677,3.25,6.105,3.472C5.513,3.702,5.011,4.01,4.511,4.511 c-0.5,0.5-0.808,1.002-1.038,1.594C3.25,6.677,3.098,7.331,3.054,8.289C3.01,9.249,3,9.556,3,12c0,2.444,0.01,2.751,0.054,3.711 c0.044,0.958,0.196,1.612,0.418,2.185c0.23,0.592,0.538,1.094,1.038,1.594c0.5,0.5,1.002,0.808,1.594,1.038 c0.572,0.222,1.227,0.375,2.185,0.418C9.249,20.99,9.556,21,12,21s2.751-0.01,3.711-0.054c0.958-0.044,1.612-0.196,2.185-0.418 c0.592-0.23,1.094-0.538,1.594-1.038c0.5-0.5,0.808-1.002,1.038-1.594c0.222-0.572,0.375-1.227,0.418-2.185 C20.99,14.751,21,14.444,21,12s-0.01-2.751-0.054-3.711c-0.044-0.958-0.196-1.612-0.418-2.185c-0.23-0.592-0.538-1.094-1.038-1.594 c-0.5-0.5-1.002-0.808-1.594-1.038c-0.572-0.222-1.227-0.375-2.185-0.418C14.751,3.01,14.444,3,12,3L12,3z M12,7.378 c-2.552,0-4.622,2.069-4.622,4.622S9.448,16.622,12,16.622s4.622-2.069,4.622-4.622S14.552,7.378,12,7.378z M12,15 c-1.657,0-3-1.343-3-3s1.343-3,3-3s3,1.343,3,3S13.657,15,12,15z M16.804,6.116c-0.596,0-1.08,0.484-1.08,1.08 s0.484,1.08,1.08,1.08c0.596,0,1.08-0.484,1.08-1.08S17.401,6.116,16.804,6.116z\"><\/path><\/svg><span class=\"wp-block-social-link-label screen-reader-text\">Instagram<\/span><\/a><\/li>\n\n<li class=\"wp-social-link wp-social-link-facebook  wp-block-social-link\"><a href=\"https:\/\/www.facebook.com\/brickplicator\/\" class=\"wp-block-social-link-anchor\" target=\"_blank\" rel=\"noopener\"><svg width=\"24\" height=\"24\" viewbox=\"0 0 24 24\" version=\"1.1\" xmlns=\"http:\/\/www.w3.org\/2000\/svg\" aria-hidden=\"true\" focusable=\"false\"><path d=\"M12 2C6.5 2 2 6.5 2 12c0 5 3.7 9.1 8.4 9.9v-7H7.9V12h2.5V9.8c0-2.5 1.5-3.9 3.8-3.9 1.1 0 2.2.2 2.2.2v2.5h-1.3c-1.2 0-1.6.8-1.6 1.6V12h2.8l-.4 2.9h-2.3v7C18.3 21.1 22 17 22 12c0-5.5-4.5-10-10-10z\"><\/path><\/svg><span class=\"wp-block-social-link-label screen-reader-text\">Facebook<\/span><\/a><\/li>\n\n<li class=\"wp-social-link wp-social-link-youtube  wp-block-social-link\"><a href=\"https:\/\/www.youtube.com\/watch?v=BL5xgtdSM4wu0026list=PLN7wxCDQ_Qj5cGu002du002dqxTcn_wRmtAVZj5XVu0026index=2\" class=\"wp-block-social-link-anchor\" target=\"_blank\" rel=\"noopener\"><svg width=\"24\" height=\"24\" viewbox=\"0 0 24 24\" version=\"1.1\" xmlns=\"http:\/\/www.w3.org\/2000\/svg\" aria-hidden=\"true\" focusable=\"false\"><path d=\"M21.8,8.001c0,0-0.195-1.378-0.795-1.985c-0.76-0.797-1.613-0.801-2.004-0.847c-2.799-0.202-6.997-0.202-6.997-0.202 h-0.009c0,0-4.198,0-6.997,0.202C4.608,5.216,3.756,5.22,2.995,6.016C2.395,6.623,2.2,8.001,2.2,8.001S2,9.62,2,11.238v1.517 c0,1.618,0.2,3.237,0.2,3.237s0.195,1.378,0.795,1.985c0.761,0.797,1.76,0.771,2.205,0.855c1.6,0.153,6.8,0.201,6.8,0.201 s4.203-0.006,7.001-0.209c0.391-0.047,1.243-0.051,2.004-0.847c0.6-0.607,0.795-1.985,0.795-1.985s0.2-1.618,0.2-3.237v-1.517 C22,9.62,21.8,8.001,21.8,8.001z M9.935,14.594l-0.001-5.62l5.404,2.82L9.935,14.594z\"><\/path><\/svg><span class=\"wp-block-social-link-label screen-reader-text\">YouTube<\/span><\/a><\/li><\/ul>\n<\/div>\n\n\n\n<div id=\"wp-block-themeisle-blocks-advanced-column-6caaa633\" class=\"wp-block-themeisle-blocks-advanced-column\"><\/div>\n<\/div><\/div>\n\n\n\n<p><\/p>","protected":false},"excerpt":{"rendered":"","protected":false},"author":2,"featured_media":0,"parent":0,"menu_order":0,"comment_status":"closed","ping_status":"closed","template":"","meta":{"_monsterinsights_skip_tracking":false,"_monsterinsights_sitenote_active":false,"_monsterinsights_sitenote_note":"","_monsterinsights_sitenote_category":0,"_uf_show_specific_survey":0,"_uf_disable_surveys":false,"neve_meta_sidebar":"","neve_meta_container":"","neve_meta_enable_content_width":"","neve_meta_content_width":0,"neve_meta_title_alignment":"center","neve_meta_author_avatar":"","neve_post_elements_order":"","neve_meta_disable_header":"off","neve_meta_disable_footer":"on","neve_meta_disable_title":"on","_themeisle_gutenberg_block_has_review":false,"footnotes":""},"categories":[34],"tags":[],"class_list":["post-1357","page","type-page","status-publish","hentry","category-mosaic-tutorials"],"_links":{"self":[{"href":"https:\/\/artforbricks.com\/de\/wp-json\/wp\/v2\/pages\/1357","targetHints":{"allow":["GET"]}}],"collection":[{"href":"https:\/\/artforbricks.com\/de\/wp-json\/wp\/v2\/pages"}],"about":[{"href":"https:\/\/artforbricks.com\/de\/wp-json\/wp\/v2\/types\/page"}],"author":[{"embeddable":true,"href":"https:\/\/artforbricks.com\/de\/wp-json\/wp\/v2\/users\/2"}],"replies":[{"embeddable":true,"href":"https:\/\/artforbricks.com\/de\/wp-json\/wp\/v2\/comments?post=1357"}],"version-history":[{"count":39,"href":"https:\/\/artforbricks.com\/de\/wp-json\/wp\/v2\/pages\/1357\/revisions"}],"predecessor-version":[{"id":1553,"href":"https:\/\/artforbricks.com\/de\/wp-json\/wp\/v2\/pages\/1357\/revisions\/1553"}],"wp:attachment":[{"href":"https:\/\/artforbricks.com\/de\/wp-json\/wp\/v2\/media?parent=1357"}],"wp:term":[{"taxonomy":"category","embeddable":true,"href":"https:\/\/artforbricks.com\/de\/wp-json\/wp\/v2\/categories?post=1357"},{"taxonomy":"post_tag","embeddable":true,"href":"https:\/\/artforbricks.com\/de\/wp-json\/wp\/v2\/tags?post=1357"}],"curies":[{"name":"wp","href":"https:\/\/api.w.org\/{rel}","templated":true}]}}