{"id":1047,"date":"2025-07-01T13:29:04","date_gmt":"2025-07-01T13:29:04","guid":{"rendered":"https:\/\/artforbricks.com\/?page_id=1047"},"modified":"2025-07-02T11:35:07","modified_gmt":"2025-07-02T11:35:07","slug":"faqs","status":"publish","type":"page","link":"https:\/\/artforbricks.com\/de\/faqs\/","title":{"rendered":"FAQs"},"content":{"rendered":"<div id=\"wp-block-themeisle-blocks-advanced-columns-751c3b35\" class=\"wp-block-themeisle-blocks-advanced-columns has-1-columns has-desktop-equal-layout has-tablet-equal-layout has-mobile-equal-layout has-vertical-unset\"><div class=\"wp-block-themeisle-blocks-advanced-columns-overlay\"><\/div><div class=\"innerblocks-wrap\">\n<div id=\"wp-block-themeisle-blocks-advanced-column-86975a04\" class=\"wp-block-themeisle-blocks-advanced-column\">\n<div id=\"wp-block-themeisle-blocks-advanced-columns-046a0901\" class=\"wp-block-themeisle-blocks-advanced-columns has-1-columns has-desktop-equal-layout has-tablet-equal-layout has-mobile-equal-layout has-vertical-unset\"><div class=\"wp-block-themeisle-blocks-advanced-columns-overlay\"><\/div><div class=\"innerblocks-wrap\">\n<div id=\"wp-block-themeisle-blocks-advanced-column-4882775d\" class=\"wp-block-themeisle-blocks-advanced-column\">\n<div class=\"wp-block-stackable-heading stk-block-heading stk-block-heading--v2 stk-block stk-b9fa718 ticss-b9fa7186\" id=\"faq-brick-mosaic-amp-lego-sup-sup-art-help\" data-block-id=\"b9fa718\"><style>.stk-b9fa718 .stk-block-heading__text{color:var(--nv-site-bg) !important;}<\/style><h1 class=\"stk-block-heading__text has-text-color has-text-align-center\">FAQ \u2013 Ziegelmosaik &amp; LEGO<sup>\u00ae <\/sup>Kunsthilfe<\/h1><\/div>\n\n\n\n<p>Antworten auf Ihre h\u00e4ufigsten Fragen zu LEGO\u00ae-Steinmosaiken, 3D-Steinmodellen, Tutorials und DIY-Baupl\u00e4nen. Bauen Sie intelligenter mit Art for Bricks.<\/p>\n\n\n<div id=\"rank-math-faq\" class=\"rank-math-block\">\n<ul class=\"rank-math-list\">\n<li id=\"faq-question-1751375905916\" class=\"rank-math-list-item\">\n<h3 class=\"rank-math-question\">Was ist Art for Bricks?<\/h3>\n<div class=\"rank-math-answer\">\n<img loading=\"lazy\" decoding=\"async\" width=\"150\" height=\"150\" src=\"https:\/\/artforbricks.com\/wp-content\/uploads\/2025\/07\/Design-ohne-Titel-27-150x150.png\" class=\"alignright\" alt=\"\" \/>\n<p>Art for Bricks ist eine Plattform, auf der Mosaik- und 3D-Modellbaupl\u00e4ne, Tutorials und kreative Ideen f\u00fcr LEGO\u00ae-kompatible und originale LEGO\u00ae-Steinkunst geteilt werden.<\/p>\n\n<\/div>\n<\/li>\n<li id=\"faq-question-1751375975703\" class=\"rank-math-list-item\">\n<h3 class=\"rank-math-question\">Brauche ich Original LEGO<sup>\u00ae<\/sup> Steine f\u00fcr Ihre Entw\u00fcrfe?<\/h3>\n<div class=\"rank-math-answer\">\n\n<p>Nein, unsere Designs funktionieren sowohl mit originalen LEGO\u00ae-Steinen als auch mit LEGO\u00ae-kompatiblen Alternativen.<\/p>\n\n<\/div>\n<\/li>\n<li id=\"faq-question-1751376005043\" class=\"rank-math-list-item\">\n<h3 class=\"rank-math-question\">Sind Ihre Mosaik- und 3D-Baupl\u00e4ne kostenlos?<\/h3>\n<div class=\"rank-math-answer\">\n\n<p>Ja, wir bieten kostenlos herunterladbare Baupl\u00e4ne f\u00fcr Mosaike und aus Steinen gebaute 3D-Modelle an.<\/p>\n\n<\/div>\n<\/li>\n<li id=\"faq-question-1751376026364\" class=\"rank-math-list-item\">\n<h3 class=\"rank-math-question\">Kann ich mein Foto in ein Ziegelmosaik verwandeln?<\/h3>\n<div class=\"rank-math-answer\">\n<img loading=\"lazy\" decoding=\"async\" width=\"150\" height=\"150\" src=\"https:\/\/artforbricks.com\/wp-content\/uploads\/2025\/07\/Design-ohne-Titel-25-150x150.png\" class=\"alignright\" alt=\"Homepage of brickmosaicdesigner.com\" \/>\n<p>Ja, mit unserem Partnertool<a href=\"https:\/\/brickmosaicdesigner.com\" data-type=\"link\" data-id=\"https:\/\/brickmosaicdesigner.com\" target=\"_blank\" rel=\"noopener\"> BrickMosaicDesigner.com<\/a>k\u00f6nnen Sie Ihr Foto in ein individuelles Mosaikdesign verwandeln und erhalten einen kostenlosen Plan oder ein komplettes DIY-Kit.<\/p>\n\n<\/div>\n<\/li>\n<li id=\"faq-question-1751376068389\" class=\"rank-math-list-item\">\n<h3 class=\"rank-math-question\">Wo bekomme ich die Steine her?<\/h3>\n<div class=\"rank-math-answer\">\n\n<p>Wir verlinken auf vertrauensw\u00fcrdige Quellen sowohl f\u00fcr originale LEGO\u00ae-Steine als auch f\u00fcr kompatible Alternativen, verkaufen die Steine jedoch nicht direkt.<\/p>\n\n<\/div>\n<\/li>\n<li id=\"faq-question-1751376099148\" class=\"rank-math-list-item\">\n<h3 class=\"rank-math-question\">Bieten Sie Tutorials f\u00fcr Anf\u00e4nger an?<\/h3>\n<div class=\"rank-math-answer\">\n\n<p>Ja, wir bieten Schritt-f\u00fcr-Schritt-Anleitungen und Videos, die speziell f\u00fcr Anf\u00e4nger konzipiert sind.<\/p>\n\n<\/div>\n<\/li>\n<li id=\"faq-question-1751376112825\" class=\"rank-math-list-item\">\n<h3 class=\"rank-math-question\">Kann ich mein fertiges Mosaik oder Modell teilen?<\/h3>\n<div class=\"rank-math-answer\">\n<img loading=\"lazy\" decoding=\"async\" width=\"150\" height=\"150\" src=\"https:\/\/artforbricks.com\/wp-content\/uploads\/2025\/07\/Design-ohne-Titel-23-150x150.png\" class=\"alignright\" alt=\"\" \/>\n<p>Auf jeden Fall! Tagge uns auf Instagram mit @brickplicator.bricks.yourstyle oder verwende #artforbricks, um vorgestellt zu werden.<\/p>\n\n<\/div>\n<\/li>\n<li id=\"faq-question-1751376142924\" class=\"rank-math-list-item\">\n<h3 class=\"rank-math-question\">Sind Sie mit der LEGO Gruppe verbunden?<\/h3>\n<div class=\"rank-math-answer\">\n\n<p>Nein, Art for Bricks ist nicht mit der LEGO\u00ae Group verbunden und wird auch nicht von ihr unterst\u00fctzt.<\/p>\n\n<\/div>\n<\/li>\n<li id=\"faq-question-1751376160650\" class=\"rank-math-list-item\">\n<h3 class=\"rank-math-question\">K\u00f6nnen Schulen oder Museen Ihre Materialien verwenden?<\/h3>\n<div class=\"rank-math-answer\">\n<img loading=\"lazy\" decoding=\"async\" width=\"150\" height=\"150\" src=\"https:\/\/artforbricks.com\/wp-content\/uploads\/2025\/07\/IMG_0011-bearbeitet-150x150.jpg\" class=\"alignright\" alt=\"Children finishing a large Brick Mosaic of Leonardo Da Vinci&#039;s Mona Lisa\" \/>\n<p>Ja, unsere Materialien eignen sich hervorragend f\u00fcr Bildungs- und Kultureinrichtungen. Kontaktieren Sie uns gerne f\u00fcr Ideen oder Partnerschaften.<\/p>\n\n<\/div>\n<\/li>\n<li id=\"faq-question-1751376185380\" class=\"rank-math-list-item\">\n<h3 class=\"rank-math-question\">Wie oft ver\u00f6ffentlichen Sie neue Inhalte?<\/h3>\n<div class=\"rank-math-answer\">\n\n<p>Wir ver\u00f6ffentlichen regelm\u00e4\u00dfig neue Tutorials, Pl\u00e4ne und Inspirationen \u2013 folgen Sie uns oder abonnieren Sie unseren Newsletter, um auf dem Laufenden zu bleiben.<\/p>\n\n<\/div>\n<\/li>\n<\/ul>\n<\/div><\/div>\n<\/div><\/div>\n<\/div>\n<\/div><\/div>\n\n\n\n<div id=\"wp-block-themeisle-blocks-advanced-columns-33c1c2b9\" class=\"wp-block-themeisle-blocks-advanced-columns has-3-columns has-desktop-equal-layout has-tablet-equal-layout has-mobile-collapsedRows-layout has-vertical-unset\"><div class=\"wp-block-themeisle-blocks-advanced-columns-overlay\"><\/div><div class=\"innerblocks-wrap\">\n<div id=\"wp-block-themeisle-blocks-advanced-column-9cb595d9\" class=\"wp-block-themeisle-blocks-advanced-column\"><\/div>\n\n\n\n<div id=\"wp-block-themeisle-blocks-advanced-column-65fd4fd0\" class=\"wp-block-themeisle-blocks-advanced-column\">\n<ul class=\"wp-block-social-links is-content-justification-center is-layout-flex wp-container-core-social-links-is-layout-16018d1d wp-block-social-links-is-layout-flex\"><li class=\"wp-social-link wp-social-link-instagram  wp-block-social-link\"><a href=\"https:\/\/www.instagram.com\/brickplicator.bricks.yourstyle\/\" class=\"wp-block-social-link-anchor\" target=\"_blank\" rel=\"noopener\"><svg width=\"24\" height=\"24\" viewbox=\"0 0 24 24\" version=\"1.1\" xmlns=\"http:\/\/www.w3.org\/2000\/svg\" aria-hidden=\"true\" focusable=\"false\"><path d=\"M12,4.622c2.403,0,2.688,0.009,3.637,0.052c0.877,0.04,1.354,0.187,1.671,0.31c0.42,0.163,0.72,0.358,1.035,0.673 c0.315,0.315,0.51,0.615,0.673,1.035c0.123,0.317,0.27,0.794,0.31,1.671c0.043,0.949,0.052,1.234,0.052,3.637 s-0.009,2.688-0.052,3.637c-0.04,0.877-0.187,1.354-0.31,1.671c-0.163,0.42-0.358,0.72-0.673,1.035 c-0.315,0.315-0.615,0.51-1.035,0.673c-0.317,0.123-0.794,0.27-1.671,0.31c-0.949,0.043-1.233,0.052-3.637,0.052 s-2.688-0.009-3.637-0.052c-0.877-0.04-1.354-0.187-1.671-0.31c-0.42-0.163-0.72-0.358-1.035-0.673 c-0.315-0.315-0.51-0.615-0.673-1.035c-0.123-0.317-0.27-0.794-0.31-1.671C4.631,14.688,4.622,14.403,4.622,12 s0.009-2.688,0.052-3.637c0.04-0.877,0.187-1.354,0.31-1.671c0.163-0.42,0.358-0.72,0.673-1.035 c0.315-0.315,0.615-0.51,1.035-0.673c0.317-0.123,0.794-0.27,1.671-0.31C9.312,4.631,9.597,4.622,12,4.622 M12,3 C9.556,3,9.249,3.01,8.289,3.054C7.331,3.098,6.677,3.25,6.105,3.472C5.513,3.702,5.011,4.01,4.511,4.511 c-0.5,0.5-0.808,1.002-1.038,1.594C3.25,6.677,3.098,7.331,3.054,8.289C3.01,9.249,3,9.556,3,12c0,2.444,0.01,2.751,0.054,3.711 c0.044,0.958,0.196,1.612,0.418,2.185c0.23,0.592,0.538,1.094,1.038,1.594c0.5,0.5,1.002,0.808,1.594,1.038 c0.572,0.222,1.227,0.375,2.185,0.418C9.249,20.99,9.556,21,12,21s2.751-0.01,3.711-0.054c0.958-0.044,1.612-0.196,2.185-0.418 c0.592-0.23,1.094-0.538,1.594-1.038c0.5-0.5,0.808-1.002,1.038-1.594c0.222-0.572,0.375-1.227,0.418-2.185 C20.99,14.751,21,14.444,21,12s-0.01-2.751-0.054-3.711c-0.044-0.958-0.196-1.612-0.418-2.185c-0.23-0.592-0.538-1.094-1.038-1.594 c-0.5-0.5-1.002-0.808-1.594-1.038c-0.572-0.222-1.227-0.375-2.185-0.418C14.751,3.01,14.444,3,12,3L12,3z M12,7.378 c-2.552,0-4.622,2.069-4.622,4.622S9.448,16.622,12,16.622s4.622-2.069,4.622-4.622S14.552,7.378,12,7.378z M12,15 c-1.657,0-3-1.343-3-3s1.343-3,3-3s3,1.343,3,3S13.657,15,12,15z M16.804,6.116c-0.596,0-1.08,0.484-1.08,1.08 s0.484,1.08,1.08,1.08c0.596,0,1.08-0.484,1.08-1.08S17.401,6.116,16.804,6.116z\"><\/path><\/svg><span class=\"wp-block-social-link-label screen-reader-text\">Instagram<\/span><\/a><\/li>\n\n<li class=\"wp-social-link wp-social-link-facebook  wp-block-social-link\"><a href=\"https:\/\/www.facebook.com\/brickplicator\/\" class=\"wp-block-social-link-anchor\" target=\"_blank\" rel=\"noopener\"><svg width=\"24\" height=\"24\" viewbox=\"0 0 24 24\" version=\"1.1\" xmlns=\"http:\/\/www.w3.org\/2000\/svg\" aria-hidden=\"true\" focusable=\"false\"><path d=\"M12 2C6.5 2 2 6.5 2 12c0 5 3.7 9.1 8.4 9.9v-7H7.9V12h2.5V9.8c0-2.5 1.5-3.9 3.8-3.9 1.1 0 2.2.2 2.2.2v2.5h-1.3c-1.2 0-1.6.8-1.6 1.6V12h2.8l-.4 2.9h-2.3v7C18.3 21.1 22 17 22 12c0-5.5-4.5-10-10-10z\"><\/path><\/svg><span class=\"wp-block-social-link-label screen-reader-text\">Facebook<\/span><\/a><\/li>\n\n<li class=\"wp-social-link wp-social-link-youtube  wp-block-social-link\"><a href=\"https:\/\/www.youtube.com\/watch?v=BL5xgtdSM4wu0026list=PLN7wxCDQ_Qj5cGu002du002dqxTcn_wRmtAVZj5XVu0026index=2\" class=\"wp-block-social-link-anchor\" target=\"_blank\" rel=\"noopener\"><svg width=\"24\" height=\"24\" viewbox=\"0 0 24 24\" version=\"1.1\" xmlns=\"http:\/\/www.w3.org\/2000\/svg\" aria-hidden=\"true\" focusable=\"false\"><path d=\"M21.8,8.001c0,0-0.195-1.378-0.795-1.985c-0.76-0.797-1.613-0.801-2.004-0.847c-2.799-0.202-6.997-0.202-6.997-0.202 h-0.009c0,0-4.198,0-6.997,0.202C4.608,5.216,3.756,5.22,2.995,6.016C2.395,6.623,2.2,8.001,2.2,8.001S2,9.62,2,11.238v1.517 c0,1.618,0.2,3.237,0.2,3.237s0.195,1.378,0.795,1.985c0.761,0.797,1.76,0.771,2.205,0.855c1.6,0.153,6.8,0.201,6.8,0.201 s4.203-0.006,7.001-0.209c0.391-0.047,1.243-0.051,2.004-0.847c0.6-0.607,0.795-1.985,0.795-1.985s0.2-1.618,0.2-3.237v-1.517 C22,9.62,21.8,8.001,21.8,8.001z M9.935,14.594l-0.001-5.62l5.404,2.82L9.935,14.594z\"><\/path><\/svg><span class=\"wp-block-social-link-label screen-reader-text\">YouTube<\/span><\/a><\/li><\/ul>\n<\/div>\n\n\n\n<div id=\"wp-block-themeisle-blocks-advanced-column-6caaa633\" class=\"wp-block-themeisle-blocks-advanced-column\"><\/div>\n<\/div><\/div>","protected":false},"excerpt":{"rendered":"","protected":false},"author":2,"featured_media":1032,"parent":0,"menu_order":0,"comment_status":"closed","ping_status":"closed","template":"","meta":{"_monsterinsights_skip_tracking":false,"_monsterinsights_sitenote_active":false,"_monsterinsights_sitenote_note":"","_monsterinsights_sitenote_category":0,"_uf_show_specific_survey":0,"_uf_disable_surveys":false,"neve_meta_sidebar":"","neve_meta_container":"","neve_meta_enable_content_width":"","neve_meta_content_width":0,"neve_meta_title_alignment":"center","neve_meta_author_avatar":"","neve_post_elements_order":"","neve_meta_disable_header":"off","neve_meta_disable_footer":"on","neve_meta_disable_title":"on","_themeisle_gutenberg_block_has_review":false,"footnotes":""},"categories":[],"tags":[],"class_list":["post-1047","page","type-page","status-publish","has-post-thumbnail","hentry"],"_links":{"self":[{"href":"https:\/\/artforbricks.com\/de\/wp-json\/wp\/v2\/pages\/1047","targetHints":{"allow":["GET"]}}],"collection":[{"href":"https:\/\/artforbricks.com\/de\/wp-json\/wp\/v2\/pages"}],"about":[{"href":"https:\/\/artforbricks.com\/de\/wp-json\/wp\/v2\/types\/page"}],"author":[{"embeddable":true,"href":"https:\/\/artforbricks.com\/de\/wp-json\/wp\/v2\/users\/2"}],"replies":[{"embeddable":true,"href":"https:\/\/artforbricks.com\/de\/wp-json\/wp\/v2\/comments?post=1047"}],"version-history":[{"count":11,"href":"https:\/\/artforbricks.com\/de\/wp-json\/wp\/v2\/pages\/1047\/revisions"}],"predecessor-version":[{"id":1118,"href":"https:\/\/artforbricks.com\/de\/wp-json\/wp\/v2\/pages\/1047\/revisions\/1118"}],"wp:featuredmedia":[{"embeddable":true,"href":"https:\/\/artforbricks.com\/de\/wp-json\/wp\/v2\/media\/1032"}],"wp:attachment":[{"href":"https:\/\/artforbricks.com\/de\/wp-json\/wp\/v2\/media?parent=1047"}],"wp:term":[{"taxonomy":"category","embeddable":true,"href":"https:\/\/artforbricks.com\/de\/wp-json\/wp\/v2\/categories?post=1047"},{"taxonomy":"post_tag","embeddable":true,"href":"https:\/\/artforbricks.com\/de\/wp-json\/wp\/v2\/tags?post=1047"}],"curies":[{"name":"wp","href":"https:\/\/api.w.org\/{rel}","templated":true}]}}